{"id":4322,"date":"2020-12-05T13:36:11","date_gmt":"2020-12-05T13:36:11","guid":{"rendered":"https:\/\/alufactory.es\/empresa\/"},"modified":"2024-05-10T06:51:18","modified_gmt":"2024-05-10T06:51:18","slug":"empresa","status":"publish","type":"page","link":"https:\/\/alufactory.es\/ca\/empresa\/","title":{"rendered":"Empresa"},"content":{"rendered":"\t\t<div data-elementor-type=\"wp-page\" data-elementor-id=\"4322\" class=\"elementor elementor-4322 elementor-235\" data-elementor-post-type=\"page\">\n\t\t\t\t\t\t<section class=\"elementor-section elementor-top-section elementor-element elementor-element-3aa6de4 elementor-section-full_width elementor-section-height-default elementor-section-height-default\" data-id=\"3aa6de4\" data-element_type=\"section\" data-settings=\"{&quot;background_background&quot;:&quot;classic&quot;}\">\n\t\t\t\t\t\t\t<div class=\"elementor-background-overlay\"><\/div>\n\t\t\t\t\t\t\t<div class=\"elementor-container elementor-column-gap-default\">\n\t\t\t\t\t<div class=\"elementor-column elementor-col-50 elementor-top-column elementor-element elementor-element-533799b\" data-id=\"533799b\" data-element_type=\"column\" data-settings=\"{&quot;background_background&quot;:&quot;classic&quot;}\">\n\t\t\t<div class=\"elementor-widget-wrap elementor-element-populated\">\n\t\t\t\t\t<div class=\"elementor-background-overlay\"><\/div>\n\t\t\t\t\t\t<div class=\"elementor-element elementor-element-e4d06f1 elementor-widget elementor-widget-heading\" data-id=\"e4d06f1\" data-element_type=\"widget\" data-widget_type=\"heading.default\">\n\t\t\t\t<div class=\"elementor-widget-container\">\n\t\t\t<h2 class=\"elementor-heading-title elementor-size-default\">LES NOSTRES INSTAL\u00b7LACIONS<\/h2>\t\t<\/div>\n\t\t\t\t<\/div>\n\t\t\t\t<div class=\"elementor-element elementor-element-999c025 elementor-icon-list--layout-traditional elementor-list-item-link-full_width elementor-widget elementor-widget-icon-list\" data-id=\"999c025\" data-element_type=\"widget\" data-widget_type=\"icon-list.default\">\n\t\t\t\t<div class=\"elementor-widget-container\">\n\t\t\t\t\t<ul class=\"elementor-icon-list-items\">\n\t\t\t\t\t\t\t<li class=\"elementor-icon-list-item\">\n\t\t\t\t\t\t\t\t\t\t\t<span class=\"elementor-icon-list-icon\">\n\t\t\t\t\t\t\t<i aria-hidden=\"true\" class=\"fas fa-chevron-right\"><\/i>\t\t\t\t\t\t<\/span>\n\t\t\t\t\t\t\t\t\t\t<span class=\"elementor-icon-list-text\">M\u00e9s de 2000m\u00b2<\/span>\n\t\t\t\t\t\t\t\t\t<\/li>\n\t\t\t\t\t\t\t\t<li class=\"elementor-icon-list-item\">\n\t\t\t\t\t\t\t\t\t\t\t<span class=\"elementor-icon-list-icon\">\n\t\t\t\t\t\t\t<i aria-hidden=\"true\" class=\"fas fa-chevron-right\"><\/i>\t\t\t\t\t\t<\/span>\n\t\t\t\t\t\t\t\t\t\t<span class=\"elementor-icon-list-text\">Constant renovaci\u00f3 tecnol\u00f2gica<\/span>\n\t\t\t\t\t\t\t\t\t<\/li>\n\t\t\t\t\t\t<\/ul>\n\t\t\t\t<\/div>\n\t\t\t\t<\/div>\n\t\t\t\t<div class=\"elementor-element elementor-element-fc45110 elementor-mobile-align-center elementor-widget elementor-widget-button\" data-id=\"fc45110\" data-element_type=\"widget\" data-widget_type=\"button.default\">\n\t\t\t\t<div class=\"elementor-widget-container\">\n\t\t\t\t\t<div class=\"elementor-button-wrapper\">\n\t\t\t<a class=\"elementor-button elementor-button-link elementor-size-lg elementor-animation-float\" href=\"https:\/\/www.youtube.com\/watch?v=aMMfIAMjXu4\" target=\"_blank\">\n\t\t\t\t\t\t<span class=\"elementor-button-content-wrapper\">\n\t\t\t\t\t\t<span class=\"elementor-button-icon\">\n\t\t\t\t<i aria-hidden=\"true\" class=\"fas fa-plus\"><\/i>\t\t\t<\/span>\n\t\t\t\t\t\t\t\t\t<span class=\"elementor-button-text\">Veure v\u00eddeo<\/span>\n\t\t\t\t\t<\/span>\n\t\t\t\t\t<\/a>\n\t\t<\/div>\n\t\t\t\t<\/div>\n\t\t\t\t<\/div>\n\t\t\t\t\t<\/div>\n\t\t<\/div>\n\t\t\t\t<div class=\"elementor-column elementor-col-50 elementor-top-column elementor-element elementor-element-e1864d0\" data-id=\"e1864d0\" data-element_type=\"column\" data-settings=\"{&quot;background_background&quot;:&quot;classic&quot;}\">\n\t\t\t<div class=\"elementor-widget-wrap elementor-element-populated\">\n\t\t\t\t\t\t<div class=\"elementor-element elementor-element-e897c1e elementor-widget elementor-widget-tp-video-player\" data-id=\"e897c1e\" data-element_type=\"widget\" data-widget_type=\"tp-video-player.default\">\n\t\t\t\t<div class=\"elementor-widget-container\">\n\t\t\t<div class=\"pt_plus_video-box-shadow video_player6a059e6b2f1a8  \" ><div class=\"pt_plus_video_player   text-\"><div class=\"ts-video-wrapper ts-video-hover-effect-zoom ts-type-youtube\" data-mode=\"lazyload\" data-provider=\"youtube\" id=\"ts-video-video-6\" itemscope=\"\" itemtype=\"http:\/\/schema.org\/VideoObject\" data-grow=\"\"><div class=\"ts-video-embed-container\" ><img decoding=\"async\" class=\"ts-video-thumbnail\" data-object-fit=\"\" itemprop=\"thumbnailUrl\" src=\"https:\/\/alufactory.es\/wp-content\/uploads\/2021\/05\/cover-video.jpg\" alt=\"Video Thumbnail\"><h5 itemprop=\"name\" class=\"ts-video-title\"><\/h5><span class=\"ts-video-lazyload\" data-allowfullscreen=\"\" data-class=\"pt-plus-video-frame fitvidsignore\" data-frameborder=\"0\" data-scrolling=\"no\" data-src=\"https:\/\/www.youtube.com\/embed\/aMMfIAMjXu4?html5=1&amp;title=0&amp;byline=0&amp;portrait=0&amp;autoplay=1&amp;autoplay=1&amp;version=3&amp;controls=1&amp;showinfo=1&amp;modestbranding=0&amp;rel=1\"  data-sandbox=\"allow-scripts allow-same-origin allow-presentation allow-forms\" data-width=\"480\" data-height=\"270\"><\/span><button class=\"ts-video-play-btn ts-video-blay-btn-youtube\" type=\"button\"><div class=\"tp-video-icon-inner image-drop_waves\"><img decoding=\"async\" class=\"ts-video-icon\" src=\"https:\/\/alufactory.es\/wp-content\/uploads\/2021\/05\/noun_play_w.png\"  alt=\"noun_play_w\" \/><\/div><\/button><\/div><\/div><\/div><\/div>\t\t<\/div>\n\t\t\t\t<\/div>\n\t\t\t\t\t<\/div>\n\t\t<\/div>\n\t\t\t\t\t<\/div>\n\t\t<\/section>\n\t\t\t\t<section class=\"elementor-section elementor-top-section elementor-element elementor-element-ac77930 elementor-section-boxed elementor-section-height-default elementor-section-height-default\" data-id=\"ac77930\" data-element_type=\"section\">\n\t\t\t\t\t\t<div class=\"elementor-container elementor-column-gap-default\">\n\t\t\t\t\t<div class=\"elementor-column elementor-col-100 elementor-top-column elementor-element elementor-element-4426428\" data-id=\"4426428\" data-element_type=\"column\">\n\t\t\t<div class=\"elementor-widget-wrap elementor-element-populated\">\n\t\t\t\t\t\t<div class=\"elementor-element elementor-element-e1789d6 elementor-widget elementor-widget-heading\" data-id=\"e1789d6\" data-element_type=\"widget\" data-widget_type=\"heading.default\">\n\t\t\t\t<div class=\"elementor-widget-container\">\n\t\t\t<h1 class=\"elementor-heading-title elementor-size-default\">Benvinguts<\/h1>\t\t<\/div>\n\t\t\t\t<\/div>\n\t\t\t\t<div class=\"elementor-element elementor-element-83f9118 elementor-widget elementor-widget-heading\" data-id=\"83f9118\" data-element_type=\"widget\" data-widget_type=\"heading.default\">\n\t\t\t\t<div class=\"elementor-widget-container\">\n\t\t\t<h2 class=\"elementor-heading-title elementor-size-default\">A la nostra empresa<\/h2>\t\t<\/div>\n\t\t\t\t<\/div>\n\t\t\t\t<div class=\"elementor-element elementor-element-28e0012 elementor-widget elementor-widget-text-editor\" data-id=\"28e0012\" data-element_type=\"widget\" data-widget_type=\"text-editor.default\">\n\t\t\t\t<div class=\"elementor-widget-container\">\n\t\t\t\t\t\t\t<p>Alufactory posseeix un gran coneixement del sector de la fusteria d&#8217;alumini i tancaments gr\u00e0cies a la seva dilatada experi\u00e8ncia en el sector. Alufactory compta amb un equip de professionals amb experi\u00e8ncia t\u00e8cnica i amb l&#8217;adequada qualificaci\u00f3 professional. Disposem de m\u00e9s de 2000 m\u00b2 d&#8217;instal\u00b7lacions, amb tallers, magatzem i oficines t\u00e8cniques en una sola ubicaci\u00f3. Estudiem, desenvolupem i produ\u00efm tancaments per a tot tipus de projectes per a professionals.<\/p>\n\t\t\t\t\t\t<\/div>\n\t\t\t\t<\/div>\n\t\t\t\t\t<\/div>\n\t\t<\/div>\n\t\t\t\t\t<\/div>\n\t\t<\/section>\n\t\t\t\t<section class=\"elementor-section elementor-top-section elementor-element elementor-element-04f6b5c elementor-section-height-min-height elementor-section-boxed elementor-section-height-default elementor-section-items-middle\" data-id=\"04f6b5c\" data-element_type=\"section\" data-settings=\"{&quot;background_background&quot;:&quot;gradient&quot;}\">\n\t\t\t\t\t\t<div class=\"elementor-container elementor-column-gap-default\">\n\t\t\t\t\t<div class=\"elementor-column elementor-col-100 elementor-top-column elementor-element elementor-element-626df8b\" data-id=\"626df8b\" data-element_type=\"column\" data-settings=\"{&quot;background_background&quot;:&quot;gradient&quot;}\">\n\t\t\t<div class=\"elementor-widget-wrap elementor-element-populated\">\n\t\t\t\t\t\t<div class=\"elementor-element elementor-element-c1c50fb elementor-widget elementor-widget-image\" data-id=\"c1c50fb\" data-element_type=\"widget\" data-widget_type=\"image.default\">\n\t\t\t\t<div class=\"elementor-widget-container\">\n\t\t\t\t\t\t\t\t\t\t\t\t\t<img fetchpriority=\"high\" decoding=\"async\" width=\"269\" height=\"294\" src=\"https:\/\/alufactory.es\/wp-content\/uploads\/2021\/06\/email-icon.png\" class=\"attachment-large size-large wp-image-2318\" alt=\"\" \/>\t\t\t\t\t\t\t\t\t\t\t\t\t<\/div>\n\t\t\t\t<\/div>\n\t\t\t\t<div class=\"elementor-element elementor-element-817e2c6 elementor-widget elementor-widget-heading\" data-id=\"817e2c6\" data-element_type=\"widget\" data-widget_type=\"heading.default\">\n\t\t\t\t<div class=\"elementor-widget-container\">\n\t\t\t<h2 class=\"elementor-heading-title elementor-size-default\">Cont\u00e0ctans<\/h2>\t\t<\/div>\n\t\t\t\t<\/div>\n\t\t\t\t<div class=\"elementor-element elementor-element-1104095 elementor-icon-list--layout-inline elementor-align-center elementor-list-item-link-full_width elementor-widget elementor-widget-icon-list\" data-id=\"1104095\" data-element_type=\"widget\" data-widget_type=\"icon-list.default\">\n\t\t\t\t<div class=\"elementor-widget-container\">\n\t\t\t\t\t<ul class=\"elementor-icon-list-items elementor-inline-items\">\n\t\t\t\t\t\t\t<li class=\"elementor-icon-list-item elementor-inline-item\">\n\t\t\t\t\t\t\t\t\t\t\t<a href=\"mailto:info@alufactory.es\">\n\n\t\t\t\t\t\t\t\t\t\t\t<span class=\"elementor-icon-list-text\">info@alufactory.es<\/span>\n\t\t\t\t\t\t\t\t\t\t\t<\/a>\n\t\t\t\t\t\t\t\t\t<\/li>\n\t\t\t\t\t\t\t\t<li class=\"elementor-icon-list-item elementor-inline-item\">\n\t\t\t\t\t\t\t\t\t\t<span class=\"elementor-icon-list-text\">Carrer Riera d' Argentona, 2, 08349 Cabrera de Mar, Barcelona<\/span>\n\t\t\t\t\t\t\t\t\t<\/li>\n\t\t\t\t\t\t\t\t<li class=\"elementor-icon-list-item elementor-inline-item\">\n\t\t\t\t\t\t\t\t\t\t\t<a href=\"tel:+937560505\">\n\n\t\t\t\t\t\t\t\t\t\t\t<span class=\"elementor-icon-list-text\">93.756.05.05<\/span>\n\t\t\t\t\t\t\t\t\t\t\t<\/a>\n\t\t\t\t\t\t\t\t\t<\/li>\n\t\t\t\t\t\t\t\t<li class=\"elementor-icon-list-item elementor-inline-item\">\n\t\t\t\t\t\t\t\t\t\t<span class=\"elementor-icon-list-text\">Dilluns a Divendres: 7:00h - 13:00h \/ 15:00h - 19:00h<\/span>\n\t\t\t\t\t\t\t\t\t<\/li>\n\t\t\t\t\t\t<\/ul>\n\t\t\t\t<\/div>\n\t\t\t\t<\/div>\n\t\t\t\t\t<\/div>\n\t\t<\/div>\n\t\t\t\t\t<\/div>\n\t\t<\/section>\n\t\t\t\t<section class=\"elementor-section elementor-top-section elementor-element elementor-element-e19bbfb elementor-section-full_width elementor-section-height-default elementor-section-height-default\" data-id=\"e19bbfb\" data-element_type=\"section\">\n\t\t\t\t\t\t<div class=\"elementor-container elementor-column-gap-default\">\n\t\t\t\t\t<div class=\"elementor-column elementor-col-100 elementor-top-column elementor-element elementor-element-3af7f68\" data-id=\"3af7f68\" data-element_type=\"column\">\n\t\t\t<div class=\"elementor-widget-wrap elementor-element-populated\">\n\t\t\t\t\t\t<div class=\"elementor-element elementor-element-2765e15 elementor-widget elementor-widget-google_maps\" data-id=\"2765e15\" data-element_type=\"widget\" data-widget_type=\"google_maps.default\">\n\t\t\t\t<div class=\"elementor-widget-container\">\n\t\t\t\t\t<div class=\"elementor-custom-embed\">\n\t\t\t<iframe loading=\"lazy\"\n\t\t\t\t\tsrc=\"https:\/\/maps.google.com\/maps?q=Riera%20d%27Argentona%20n%C2%BA%202%2008349%20Cabrera%20de%20Mar&#038;t=m&#038;z=10&#038;output=embed&#038;iwloc=near\"\n\t\t\t\t\ttitle=\"Riera d&#039;Argentona n\u00ba 2 08349 Cabrera de Mar\"\n\t\t\t\t\taria-label=\"Riera d&#039;Argentona n\u00ba 2 08349 Cabrera de Mar\"\n\t\t\t><\/iframe>\n\t\t<\/div>\n\t\t\t\t<\/div>\n\t\t\t\t<\/div>\n\t\t\t\t\t<\/div>\n\t\t<\/div>\n\t\t\t\t\t<\/div>\n\t\t<\/section>\n\t\t\t\t<\/div>\n\t\t","protected":false},"excerpt":{"rendered":"<p>LES NOSTRES INSTAL\u00b7LACIONS M\u00e9s de 2000m\u00b2 Constant renovaci\u00f3 tecnol\u00f2gica Veure v\u00eddeo Benvinguts A la nostra empresa Alufactory posseeix un gran coneixement del sector de la fusteria d&#8217;alumini i tancaments gr\u00e0cies a la seva dilatada experi\u00e8ncia en el sector. Alufactory compta amb un equip de professionals amb experi\u00e8ncia t\u00e8cnica i amb l&#8217;adequada qualificaci\u00f3 professional. Disposem de [&hellip;]<\/p>\n","protected":false},"author":2,"featured_media":0,"parent":0,"menu_order":0,"comment_status":"closed","ping_status":"closed","template":"","meta":{"footnotes":""},"class_list":["post-4322","page","type-page","status-publish","hentry"],"yoast_head":"<!-- This site is optimized with the Yoast SEO plugin v23.1 - https:\/\/yoast.com\/wordpress\/plugins\/seo\/ -->\n<title>Empresa - Alufactory<\/title>\n<meta name=\"robots\" content=\"index, follow, max-snippet:-1, max-image-preview:large, max-video-preview:-1\" \/>\n<link rel=\"canonical\" href=\"https:\/\/alufactory.es\/ca\/empresa\/\" \/>\n<meta property=\"og:locale\" content=\"ca_ES\" \/>\n<meta property=\"og:type\" content=\"article\" \/>\n<meta property=\"og:title\" content=\"Empresa - Alufactory\" \/>\n<meta property=\"og:description\" content=\"LES NOSTRES INSTAL\u00b7LACIONS M\u00e9s de 2000m\u00b2 Constant renovaci\u00f3 tecnol\u00f2gica Veure v\u00eddeo Benvinguts A la nostra empresa Alufactory posseeix un gran coneixement del sector de la fusteria d&#8217;alumini i tancaments gr\u00e0cies a la seva dilatada experi\u00e8ncia en el sector. Alufactory compta amb un equip de professionals amb experi\u00e8ncia t\u00e8cnica i amb l&#8217;adequada qualificaci\u00f3 professional. Disposem de [&hellip;]\" \/>\n<meta property=\"og:url\" content=\"https:\/\/alufactory.es\/ca\/empresa\/\" \/>\n<meta property=\"og:site_name\" content=\"Alufactory\" \/>\n<meta property=\"article:modified_time\" content=\"2024-05-10T06:51:18+00:00\" \/>\n<meta property=\"og:image\" content=\"https:\/\/alufactory.es\/wp-content\/uploads\/2021\/05\/cover-video.jpg\" \/>\n<meta name=\"twitter:card\" content=\"summary_large_image\" \/>\n<meta name=\"twitter:label1\" content=\"Est. reading time\" \/>\n\t<meta name=\"twitter:data1\" content=\"1 minute\" \/>\n<script type=\"application\/ld+json\" class=\"yoast-schema-graph\">{\"@context\":\"https:\/\/schema.org\",\"@graph\":[{\"@type\":\"WebPage\",\"@id\":\"https:\/\/alufactory.es\/ca\/empresa\/\",\"url\":\"https:\/\/alufactory.es\/ca\/empresa\/\",\"name\":\"Empresa - Alufactory\",\"isPartOf\":{\"@id\":\"https:\/\/alufactory.es\/#website\"},\"primaryImageOfPage\":{\"@id\":\"https:\/\/alufactory.es\/ca\/empresa\/#primaryimage\"},\"image\":{\"@id\":\"https:\/\/alufactory.es\/ca\/empresa\/#primaryimage\"},\"thumbnailUrl\":\"https:\/\/alufactory.es\/wp-content\/uploads\/2021\/05\/cover-video.jpg\",\"datePublished\":\"2020-12-05T13:36:11+00:00\",\"dateModified\":\"2024-05-10T06:51:18+00:00\",\"breadcrumb\":{\"@id\":\"https:\/\/alufactory.es\/ca\/empresa\/#breadcrumb\"},\"inLanguage\":\"ca\",\"potentialAction\":[{\"@type\":\"ReadAction\",\"target\":[\"https:\/\/alufactory.es\/ca\/empresa\/\"]}]},{\"@type\":\"ImageObject\",\"inLanguage\":\"ca\",\"@id\":\"https:\/\/alufactory.es\/ca\/empresa\/#primaryimage\",\"url\":\"https:\/\/alufactory.es\/wp-content\/uploads\/2021\/05\/cover-video.jpg\",\"contentUrl\":\"https:\/\/alufactory.es\/wp-content\/uploads\/2021\/05\/cover-video.jpg\"},{\"@type\":\"BreadcrumbList\",\"@id\":\"https:\/\/alufactory.es\/ca\/empresa\/#breadcrumb\",\"itemListElement\":[{\"@type\":\"ListItem\",\"position\":1,\"name\":\"Home\",\"item\":\"https:\/\/alufactory.es\/ca\/carpinteria-alumini-mataro-barcelona\/\"},{\"@type\":\"ListItem\",\"position\":2,\"name\":\"Empresa\"}]},{\"@type\":\"WebSite\",\"@id\":\"https:\/\/alufactory.es\/#website\",\"url\":\"https:\/\/alufactory.es\/\",\"name\":\"Alufactory\",\"description\":\"Carpinteria Aluminio Matar\u00f3 Barcelona\",\"potentialAction\":[{\"@type\":\"SearchAction\",\"target\":{\"@type\":\"EntryPoint\",\"urlTemplate\":\"https:\/\/alufactory.es\/?s={search_term_string}\"},\"query-input\":\"required name=search_term_string\"}],\"inLanguage\":\"ca\"}]}<\/script>\n<!-- \/ Yoast SEO plugin. -->","yoast_head_json":{"title":"Empresa - Alufactory","robots":{"index":"index","follow":"follow","max-snippet":"max-snippet:-1","max-image-preview":"max-image-preview:large","max-video-preview":"max-video-preview:-1"},"canonical":"https:\/\/alufactory.es\/ca\/empresa\/","og_locale":"ca_ES","og_type":"article","og_title":"Empresa - Alufactory","og_description":"LES NOSTRES INSTAL\u00b7LACIONS M\u00e9s de 2000m\u00b2 Constant renovaci\u00f3 tecnol\u00f2gica Veure v\u00eddeo Benvinguts A la nostra empresa Alufactory posseeix un gran coneixement del sector de la fusteria d&#8217;alumini i tancaments gr\u00e0cies a la seva dilatada experi\u00e8ncia en el sector. Alufactory compta amb un equip de professionals amb experi\u00e8ncia t\u00e8cnica i amb l&#8217;adequada qualificaci\u00f3 professional. Disposem de [&hellip;]","og_url":"https:\/\/alufactory.es\/ca\/empresa\/","og_site_name":"Alufactory","article_modified_time":"2024-05-10T06:51:18+00:00","og_image":[{"url":"https:\/\/alufactory.es\/wp-content\/uploads\/2021\/05\/cover-video.jpg"}],"twitter_card":"summary_large_image","twitter_misc":{"Est. reading time":"1 minute"},"schema":{"@context":"https:\/\/schema.org","@graph":[{"@type":"WebPage","@id":"https:\/\/alufactory.es\/ca\/empresa\/","url":"https:\/\/alufactory.es\/ca\/empresa\/","name":"Empresa - Alufactory","isPartOf":{"@id":"https:\/\/alufactory.es\/#website"},"primaryImageOfPage":{"@id":"https:\/\/alufactory.es\/ca\/empresa\/#primaryimage"},"image":{"@id":"https:\/\/alufactory.es\/ca\/empresa\/#primaryimage"},"thumbnailUrl":"https:\/\/alufactory.es\/wp-content\/uploads\/2021\/05\/cover-video.jpg","datePublished":"2020-12-05T13:36:11+00:00","dateModified":"2024-05-10T06:51:18+00:00","breadcrumb":{"@id":"https:\/\/alufactory.es\/ca\/empresa\/#breadcrumb"},"inLanguage":"ca","potentialAction":[{"@type":"ReadAction","target":["https:\/\/alufactory.es\/ca\/empresa\/"]}]},{"@type":"ImageObject","inLanguage":"ca","@id":"https:\/\/alufactory.es\/ca\/empresa\/#primaryimage","url":"https:\/\/alufactory.es\/wp-content\/uploads\/2021\/05\/cover-video.jpg","contentUrl":"https:\/\/alufactory.es\/wp-content\/uploads\/2021\/05\/cover-video.jpg"},{"@type":"BreadcrumbList","@id":"https:\/\/alufactory.es\/ca\/empresa\/#breadcrumb","itemListElement":[{"@type":"ListItem","position":1,"name":"Home","item":"https:\/\/alufactory.es\/ca\/carpinteria-alumini-mataro-barcelona\/"},{"@type":"ListItem","position":2,"name":"Empresa"}]},{"@type":"WebSite","@id":"https:\/\/alufactory.es\/#website","url":"https:\/\/alufactory.es\/","name":"Alufactory","description":"Carpinteria Aluminio Matar\u00f3 Barcelona","potentialAction":[{"@type":"SearchAction","target":{"@type":"EntryPoint","urlTemplate":"https:\/\/alufactory.es\/?s={search_term_string}"},"query-input":"required name=search_term_string"}],"inLanguage":"ca"}]}},"_links":{"self":[{"href":"https:\/\/alufactory.es\/ca\/wp-json\/wp\/v2\/pages\/4322"}],"collection":[{"href":"https:\/\/alufactory.es\/ca\/wp-json\/wp\/v2\/pages"}],"about":[{"href":"https:\/\/alufactory.es\/ca\/wp-json\/wp\/v2\/types\/page"}],"author":[{"embeddable":true,"href":"https:\/\/alufactory.es\/ca\/wp-json\/wp\/v2\/users\/2"}],"replies":[{"embeddable":true,"href":"https:\/\/alufactory.es\/ca\/wp-json\/wp\/v2\/comments?post=4322"}],"version-history":[{"count":17,"href":"https:\/\/alufactory.es\/ca\/wp-json\/wp\/v2\/pages\/4322\/revisions"}],"predecessor-version":[{"id":4686,"href":"https:\/\/alufactory.es\/ca\/wp-json\/wp\/v2\/pages\/4322\/revisions\/4686"}],"wp:attachment":[{"href":"https:\/\/alufactory.es\/ca\/wp-json\/wp\/v2\/media?parent=4322"}],"curies":[{"name":"wp","href":"https:\/\/api.w.org\/{rel}","templated":true}]}}