{"id":4649,"date":"2020-01-31T12:51:03","date_gmt":"2020-01-31T12:51:03","guid":{"rendered":"https:\/\/alufactory.es\/politica-de-cookies-2\/"},"modified":"2024-05-10T06:03:49","modified_gmt":"2024-05-10T06:03:49","slug":"politica-de-cookies-2","status":"publish","type":"page","link":"https:\/\/alufactory.es\/ca\/politica-de-cookies-2\/","title":{"rendered":"Pol\u00edtica de Cookies"},"content":{"rendered":"\t\t<div data-elementor-type=\"wp-page\" data-elementor-id=\"4649\" class=\"elementor elementor-4649 elementor-19\" data-elementor-post-type=\"page\">\n\t\t\t\t\t\t<section class=\"elementor-section elementor-top-section elementor-element elementor-element-c2cb760 elementor-section-boxed elementor-section-height-default elementor-section-height-default\" data-id=\"c2cb760\" data-element_type=\"section\">\n\t\t\t\t\t\t<div class=\"elementor-container elementor-column-gap-default\">\n\t\t\t\t\t<div class=\"elementor-column elementor-col-100 elementor-top-column elementor-element elementor-element-9c0708c\" data-id=\"9c0708c\" data-element_type=\"column\">\n\t\t\t<div class=\"elementor-widget-wrap elementor-element-populated\">\n\t\t\t\t\t\t\t<\/div>\n\t\t<\/div>\n\t\t\t\t\t<\/div>\n\t\t<\/section>\n\t\t\t\t<section class=\"elementor-section elementor-top-section elementor-element elementor-element-cf332e0 elementor-section-boxed elementor-section-height-default elementor-section-height-default\" data-id=\"cf332e0\" data-element_type=\"section\">\n\t\t\t\t\t\t<div class=\"elementor-container elementor-column-gap-default\">\n\t\t\t\t\t<div class=\"elementor-column elementor-col-100 elementor-top-column elementor-element elementor-element-a785feb\" data-id=\"a785feb\" data-element_type=\"column\">\n\t\t\t<div class=\"elementor-widget-wrap elementor-element-populated\">\n\t\t\t\t\t\t<div class=\"elementor-element elementor-element-7c5b8a2 elementor-widget elementor-widget-text-editor\" data-id=\"7c5b8a2\" data-element_type=\"widget\" data-widget_type=\"text-editor.default\">\n\t\t\t\t<div class=\"elementor-widget-container\">\n\t\t\t\t\t\t\t<ol>\n<li><strong>  \u00das de cookies<\/strong><\/li>\n<\/ol>\n<p>La p\u00e0gina web www.alufactory.es titularitat <strong>d&#8217;ALUfactory la fabrica de les Finestres, S.L<\/strong> utilitza cookies.<\/p>\n<p>Les cookies s\u00f3n fitxers que es descarreguen al seu ordinador en accedir a determinades p\u00e0gines web. Les cookies permeten a una p\u00e0gina web, entre altres coses, emmagatzemar i recuperar informaci\u00f3 sobre els h\u00e0bits de navegaci\u00f3 d&#8217;un usuari o del seu equip i, depenent de la informaci\u00f3 que continguin i de la forma en qu\u00e8 utilitzi el seu equip. A m\u00e9s, milloren el seu proc\u00e9s de navegaci\u00f3, ja que permeten que la p\u00e0gina web ofereixi a l&#8217;usuari informaci\u00f3 que pot ser del seu inter\u00e8s en funci\u00f3 de l&#8217;\u00fas que realitzi, del contingut de la mateixa.<\/p>\n<p><\/p>\n<p>En cas de no voler rebre cookies, per favor, configuri el seu navegador d&#8217;internet, perqu\u00e8 les esborri del disc dur del seu ordinador, les bloquegi o l&#8217;avisi en el seu cas d&#8217;instal\u00b7laci\u00f3. Per continuar sense canvis en la configuraci\u00f3 de les cookies, simplement, continu\u00ef a la p\u00e0gina web.<\/p>\n<p><\/p>\n<ol start=\"2\">\n<li><strong>  Consentiment<\/strong><\/li>\n<\/ol>\n<p>Les cookies que utilitzem no emmagatzemen cap dada personal, ni cap tipus d&#8217;informaci\u00f3 que pugui identificar-lo, llevat que vulguin registrar-se de forma volunt\u00e0ria per tal d&#8217;utilitzar els serveis que posem a la seva disposici\u00f3 o de rebre informaci\u00f3 sobre promocions i continguts del seu inter\u00e8s.<\/p>\n<p><\/p>\n<p>En navegar i continuar a la nostra web ens indica que est\u00e0 consentint l&#8217;\u00fas de les cookies abans enunciades, i en les condicions contingudes en la present pol\u00edtica de cookies. En cas de no estar d&#8217; acord envi\u00ef un correu electr\u00f2nic a info@alufactory.es<\/p>\n<p><\/p>\n<ol start=\"3\">\n<li><strong>  Com bloquejar o eliminar les cookies instal\u00b7lades<\/strong><\/li>\n<\/ol>\n<p>Pot vost\u00e8 permetre, bloquejar o eliminar les cookies instal\u00b7lades en el seu equip mitjan\u00e7ant la configuraci\u00f3 de les opcions del seu navegador. Pot trobar informaci\u00f3 sobre com fer-ho, en relaci\u00f3 amb els navegadors m\u00e9s comuns en els links que s&#8217; inclouen a continuaci\u00f3:<\/p>\n<p><\/p>\n<p>Explorer:&nbsp;<a href=\"https:\/\/support.microsoft.com\/es-es\/kb\/278835\">https:\/\/support.microsoft.com\/es-es\/kb\/278835<\/a><\/p>\n<p><\/p>\n<p>Chrome:&nbsp;<a href=\"http:\/\/support.google.com\/chrome\/bin\/answer.py?hl=es&amp;answer=95647\">http:\/\/support.google.com\/chrome\/bin\/answer.py?hl=es&amp;answer=95647<\/a><\/p>\n<p><\/p>\n<p>Firefox:&nbsp;<a href=\"http:\/\/support.mozilla.org\/es\/kb\/Borrar%2520cookies\">http:\/\/support.mozilla.org\/es\/kb\/Borrar%20cookies<\/a><\/p>\n<p><\/p>\n<p>Safari:&nbsp;<a href=\"http:\/\/support.apple.com\/kb\/ph5042\">http:\/\/support.apple.com\/kb\/ph5042<\/a><\/p>\n<p><\/p>\n<p>L&#8217;informem, no obstant, de la possibilitat que la desactivaci\u00f3 d&#8217;alguna cookie impedeixi o dificulti la navegaci\u00f3 o la prestaci\u00f3 dels serveis oferts a la p\u00e0gina web.<\/p>\n<p><\/p>\n<ol start=\"4\">\n<li><strong>  www.alufactory.es titularitat d&#8217;AluFactory<\/strong><\/li>\n<\/ol>\n<p>www.alufactory.es titularitat <strong>d&#8217;ALUfactory la fabrica de les Finestres, S.L<\/strong> pot modificar aquesta pol\u00edtica de cookies en funci\u00f3 de les exig\u00e8ncies legals. O amb la finalitat d&#8217; adaptar aquesta pol\u00edtica a les instruccions dictades per l&#8217; Ag\u00e8ncia Espanyola de Protecci\u00f3 de Dades.<\/p>\n<p><\/p>\n<p>Per aquesta ra\u00f3, aconsellem als usuaris que la visitin peri\u00f2dicament. Quan es produeixin canvis significatius en aquesta pol\u00edtica de cookies, es comunicaran als usuaris, b\u00e9 mitjan\u00e7ant la web o a trav\u00e9s de correu electr\u00f2nic als usuaris registrats.<\/p>\t\t\t\t\t\t<\/div>\n\t\t\t\t<\/div>\n\t\t\t\t\t<\/div>\n\t\t<\/div>\n\t\t\t\t\t<\/div>\n\t\t<\/section>\n\t\t\t\t<\/div>\n\t\t","protected":false},"excerpt":{"rendered":"<p>\u00das de cookies La p\u00e0gina web www.alufactory.es titularitat d&#8217;ALUfactory la fabrica de les Finestres, S.L utilitza cookies. Les cookies s\u00f3n fitxers que es descarreguen al seu ordinador en accedir a determinades p\u00e0gines web. Les cookies permeten a una p\u00e0gina web, entre altres coses, emmagatzemar i recuperar informaci\u00f3 sobre els h\u00e0bits de navegaci\u00f3 d&#8217;un usuari o [&hellip;]<\/p>\n","protected":false},"author":2,"featured_media":0,"parent":0,"menu_order":0,"comment_status":"closed","ping_status":"closed","template":"","meta":{"footnotes":""},"class_list":["post-4649","page","type-page","status-publish","hentry"],"yoast_head":"<!-- This site is optimized with the Yoast SEO plugin v23.1 - https:\/\/yoast.com\/wordpress\/plugins\/seo\/ -->\n<title>Pol\u00edtica de Cookies - Alufactory<\/title>\n<meta name=\"robots\" content=\"index, follow, max-snippet:-1, max-image-preview:large, max-video-preview:-1\" \/>\n<link rel=\"canonical\" href=\"https:\/\/alufactory.es\/ca\/politica-de-cookies-2\/\" \/>\n<meta property=\"og:locale\" content=\"ca_ES\" \/>\n<meta property=\"og:type\" content=\"article\" \/>\n<meta property=\"og:title\" content=\"Pol\u00edtica de Cookies - Alufactory\" \/>\n<meta property=\"og:description\" content=\"\u00das de cookies La p\u00e0gina web www.alufactory.es titularitat d&#8217;ALUfactory la fabrica de les Finestres, S.L utilitza cookies. Les cookies s\u00f3n fitxers que es descarreguen al seu ordinador en accedir a determinades p\u00e0gines web. Les cookies permeten a una p\u00e0gina web, entre altres coses, emmagatzemar i recuperar informaci\u00f3 sobre els h\u00e0bits de navegaci\u00f3 d&#8217;un usuari o [&hellip;]\" \/>\n<meta property=\"og:url\" content=\"https:\/\/alufactory.es\/ca\/politica-de-cookies-2\/\" \/>\n<meta property=\"og:site_name\" content=\"Alufactory\" \/>\n<meta property=\"article:modified_time\" content=\"2024-05-10T06:03:49+00:00\" \/>\n<meta name=\"twitter:card\" content=\"summary_large_image\" \/>\n<meta name=\"twitter:label1\" content=\"Est. reading time\" \/>\n\t<meta name=\"twitter:data1\" content=\"2 minutes\" \/>\n<script type=\"application\/ld+json\" class=\"yoast-schema-graph\">{\"@context\":\"https:\/\/schema.org\",\"@graph\":[{\"@type\":\"WebPage\",\"@id\":\"https:\/\/alufactory.es\/ca\/politica-de-cookies-2\/\",\"url\":\"https:\/\/alufactory.es\/ca\/politica-de-cookies-2\/\",\"name\":\"Pol\u00edtica de Cookies - Alufactory\",\"isPartOf\":{\"@id\":\"https:\/\/alufactory.es\/#website\"},\"datePublished\":\"2020-01-31T12:51:03+00:00\",\"dateModified\":\"2024-05-10T06:03:49+00:00\",\"breadcrumb\":{\"@id\":\"https:\/\/alufactory.es\/ca\/politica-de-cookies-2\/#breadcrumb\"},\"inLanguage\":\"ca\",\"potentialAction\":[{\"@type\":\"ReadAction\",\"target\":[\"https:\/\/alufactory.es\/ca\/politica-de-cookies-2\/\"]}]},{\"@type\":\"BreadcrumbList\",\"@id\":\"https:\/\/alufactory.es\/ca\/politica-de-cookies-2\/#breadcrumb\",\"itemListElement\":[{\"@type\":\"ListItem\",\"position\":1,\"name\":\"Home\",\"item\":\"https:\/\/alufactory.es\/ca\/carpinteria-alumini-mataro-barcelona\/\"},{\"@type\":\"ListItem\",\"position\":2,\"name\":\"Pol\u00edtica de Cookies\"}]},{\"@type\":\"WebSite\",\"@id\":\"https:\/\/alufactory.es\/#website\",\"url\":\"https:\/\/alufactory.es\/\",\"name\":\"Alufactory\",\"description\":\"Carpinteria Aluminio Matar\u00f3 Barcelona\",\"potentialAction\":[{\"@type\":\"SearchAction\",\"target\":{\"@type\":\"EntryPoint\",\"urlTemplate\":\"https:\/\/alufactory.es\/?s={search_term_string}\"},\"query-input\":\"required name=search_term_string\"}],\"inLanguage\":\"ca\"}]}<\/script>\n<!-- \/ Yoast SEO plugin. -->","yoast_head_json":{"title":"Pol\u00edtica de Cookies - Alufactory","robots":{"index":"index","follow":"follow","max-snippet":"max-snippet:-1","max-image-preview":"max-image-preview:large","max-video-preview":"max-video-preview:-1"},"canonical":"https:\/\/alufactory.es\/ca\/politica-de-cookies-2\/","og_locale":"ca_ES","og_type":"article","og_title":"Pol\u00edtica de Cookies - Alufactory","og_description":"\u00das de cookies La p\u00e0gina web www.alufactory.es titularitat d&#8217;ALUfactory la fabrica de les Finestres, S.L utilitza cookies. Les cookies s\u00f3n fitxers que es descarreguen al seu ordinador en accedir a determinades p\u00e0gines web. Les cookies permeten a una p\u00e0gina web, entre altres coses, emmagatzemar i recuperar informaci\u00f3 sobre els h\u00e0bits de navegaci\u00f3 d&#8217;un usuari o [&hellip;]","og_url":"https:\/\/alufactory.es\/ca\/politica-de-cookies-2\/","og_site_name":"Alufactory","article_modified_time":"2024-05-10T06:03:49+00:00","twitter_card":"summary_large_image","twitter_misc":{"Est. reading time":"2 minutes"},"schema":{"@context":"https:\/\/schema.org","@graph":[{"@type":"WebPage","@id":"https:\/\/alufactory.es\/ca\/politica-de-cookies-2\/","url":"https:\/\/alufactory.es\/ca\/politica-de-cookies-2\/","name":"Pol\u00edtica de Cookies - Alufactory","isPartOf":{"@id":"https:\/\/alufactory.es\/#website"},"datePublished":"2020-01-31T12:51:03+00:00","dateModified":"2024-05-10T06:03:49+00:00","breadcrumb":{"@id":"https:\/\/alufactory.es\/ca\/politica-de-cookies-2\/#breadcrumb"},"inLanguage":"ca","potentialAction":[{"@type":"ReadAction","target":["https:\/\/alufactory.es\/ca\/politica-de-cookies-2\/"]}]},{"@type":"BreadcrumbList","@id":"https:\/\/alufactory.es\/ca\/politica-de-cookies-2\/#breadcrumb","itemListElement":[{"@type":"ListItem","position":1,"name":"Home","item":"https:\/\/alufactory.es\/ca\/carpinteria-alumini-mataro-barcelona\/"},{"@type":"ListItem","position":2,"name":"Pol\u00edtica de Cookies"}]},{"@type":"WebSite","@id":"https:\/\/alufactory.es\/#website","url":"https:\/\/alufactory.es\/","name":"Alufactory","description":"Carpinteria Aluminio Matar\u00f3 Barcelona","potentialAction":[{"@type":"SearchAction","target":{"@type":"EntryPoint","urlTemplate":"https:\/\/alufactory.es\/?s={search_term_string}"},"query-input":"required name=search_term_string"}],"inLanguage":"ca"}]}},"_links":{"self":[{"href":"https:\/\/alufactory.es\/ca\/wp-json\/wp\/v2\/pages\/4649"}],"collection":[{"href":"https:\/\/alufactory.es\/ca\/wp-json\/wp\/v2\/pages"}],"about":[{"href":"https:\/\/alufactory.es\/ca\/wp-json\/wp\/v2\/types\/page"}],"author":[{"embeddable":true,"href":"https:\/\/alufactory.es\/ca\/wp-json\/wp\/v2\/users\/2"}],"replies":[{"embeddable":true,"href":"https:\/\/alufactory.es\/ca\/wp-json\/wp\/v2\/comments?post=4649"}],"version-history":[{"count":4,"href":"https:\/\/alufactory.es\/ca\/wp-json\/wp\/v2\/pages\/4649\/revisions"}],"predecessor-version":[{"id":4657,"href":"https:\/\/alufactory.es\/ca\/wp-json\/wp\/v2\/pages\/4649\/revisions\/4657"}],"wp:attachment":[{"href":"https:\/\/alufactory.es\/ca\/wp-json\/wp\/v2\/media?parent=4649"}],"curies":[{"name":"wp","href":"https:\/\/api.w.org\/{rel}","templated":true}]}}