{"id":4655,"date":"2020-01-31T12:50:57","date_gmt":"2020-01-31T12:50:57","guid":{"rendered":"https:\/\/alufactory.es\/politica-de-privacitat\/"},"modified":"2024-05-10T06:03:49","modified_gmt":"2024-05-10T06:03:49","slug":"politica-de-privacitat","status":"publish","type":"page","link":"https:\/\/alufactory.es\/ca\/politica-de-privacitat\/","title":{"rendered":"Pol\u00edtica de privacitat"},"content":{"rendered":"\t\t<div data-elementor-type=\"wp-page\" data-elementor-id=\"4655\" class=\"elementor elementor-4655 elementor-18\" data-elementor-post-type=\"page\">\n\t\t\t\t\t\t<section class=\"elementor-section elementor-top-section elementor-element elementor-element-4b83bca elementor-section-boxed elementor-section-height-default elementor-section-height-default\" data-id=\"4b83bca\" data-element_type=\"section\">\n\t\t\t\t\t\t<div class=\"elementor-container elementor-column-gap-default\">\n\t\t\t\t\t<div class=\"elementor-column elementor-col-100 elementor-top-column elementor-element elementor-element-01ace72\" data-id=\"01ace72\" data-element_type=\"column\">\n\t\t\t<div class=\"elementor-widget-wrap elementor-element-populated\">\n\t\t\t\t\t\t\t<\/div>\n\t\t<\/div>\n\t\t\t\t\t<\/div>\n\t\t<\/section>\n\t\t\t\t<section class=\"elementor-section elementor-top-section elementor-element elementor-element-ae49d53 elementor-section-boxed elementor-section-height-default elementor-section-height-default\" data-id=\"ae49d53\" data-element_type=\"section\">\n\t\t\t\t\t\t<div class=\"elementor-container elementor-column-gap-default\">\n\t\t\t\t\t<div class=\"elementor-column elementor-col-100 elementor-top-column elementor-element elementor-element-39a5f65\" data-id=\"39a5f65\" data-element_type=\"column\">\n\t\t\t<div class=\"elementor-widget-wrap elementor-element-populated\">\n\t\t\t\t\t\t<div class=\"elementor-element elementor-element-a2fc2e6 elementor-widget elementor-widget-text-editor\" data-id=\"a2fc2e6\" data-element_type=\"widget\" data-widget_type=\"text-editor.default\">\n\t\t\t\t<div class=\"elementor-widget-container\">\n\t\t\t\t\t\t\t<h3>RESPONSABLE<\/h3>\n<p><\/p>\n<h4><strong>1. Identitat<\/strong><\/h4>\n<ul>\n<li>Empresa: <strong>ALUfactory la fabrica de les Finestres, S.L.<\/strong><\/li>\n<\/ul>\n<p>&nbsp;amb CIF: B65841116<\/p>\n<ul>\n<li>Postal: c\/ Riera d&#8217;Argentona, Nau 2, 08349 &#8211; Cabrera de mar (Barcelona, Espanya)<\/li>\n<\/ul>\n<p>&nbsp;E-Mail: info@alufactory.es<\/p>\n<p><\/p>\n<p>Dades de contacte del delegat en protecci\u00f3 de dades:<br>No es disposa de Delegat.<\/p>\n<p><\/p>\n<h3>FINALITATS<\/h3>\n<p><\/p>\n<h4><strong>2. Descripci\u00f3 ampliada de la finalitat\/es del tractament:<\/strong><\/h4>\n<p>Tractarem les seves dades per a la Gesti\u00f3 administrativa, comptable i fiscal; publicitat i prospecci\u00f3 comercial.<\/p>\n<p><\/p>\n<h3>CONSERVACI\u00d3<\/h3>\n<p><\/p>\n<h4><strong>3. Terminis o criteris de conservaci\u00f3 de les dades:<\/strong><\/h4>\n<p>Les dades personals proporcionades es conservaran mentre es mantingui la relaci\u00f3 amb l&#8217; entitat i no es demani la seva supressi\u00f3 per l&#8217; interessat, seran conservades conforme als terminis legals establerts en mat\u00e8ria fiscal i comptable, prenent com a refer\u00e8ncia l&#8217; \u00faltima comunicaci\u00f3.<\/p>\n<p><\/p>\n<h3>DECISIONS<\/h3>\n<p><\/p>\n<h4><strong>4. Decisions automatitzades, perfils i l\u00f2gica aplicada:<\/strong><\/h4>\n<p>L&#8217; empresa NO prendr\u00e0 decisions automatitzades, perfils o l\u00f2gica aplicada a les seves dades.<\/p>\n<p><\/p>\n<h3>LEGITIMACI\u00d3<\/h3>\n<p><\/p>\n<h4><strong>5. Legitimaci\u00f3 per execuci\u00f3 d&#8217;un contracte:<\/strong><\/h4>\n<p>At\u00e8s que el tractament \u00e9s necessari per a l&#8217;execuci\u00f3 d&#8217;un contracte mercantil, en el qual vost\u00e8 \u00e9s part , es fa constar que el tipus de contracte de qu\u00e8 es tracta, \u00e9s l&#8217;esmentat contracte mercantil o la relaci\u00f3 precontractual.<\/p>\n<p><\/p>\n<p>Com que la comunicaci\u00f3 de dades personals \u00e9s un requisit legal o contractual i un requisit necessari per subscriure l&#8217; esmentat contracte, s&#8217; informa l&#8217; interessat que est\u00e0 obligat a facilitar les dades personals, i aix\u00ed mateix que&nbsp; les conseq\u00fc\u00e8ncies de no fer-ho poden suposar la no prestaci\u00f3 del servei demanat.<\/p>\n<p><\/p>\n<h3>DESTINATARIS<\/h3>\n<p><\/p>\n<ol start=\"6\">\n<li>Durant el per\u00edode de durada del tractament, <strong>ALUfactory la fabrica de les Finestres, S.L.<\/strong> no realitzar\u00e0 cap cessi\u00f3, llevat d&#8217; obligaci\u00f3 legal, ni tampoc cap transfer\u00e8ncia.<\/li>\n<\/ol>\n<p><\/p>\n<h3>DRETS<\/h3>\n<p><\/p>\n<h4><strong>7. L&#8217;interessat pot exercir els drets seg\u00fcents:<\/strong><\/h4>\n<p><\/p>\n<ul>\n<li>Dret a sol\u00b7licitar l&#8217;acc\u00e9s a les seves dades personals.<\/li>\n<li>Dret a demanar la seva rectificaci\u00f3 o supressi\u00f3.<\/li>\n<li>Dret a demanar la limitaci\u00f3 del seu tractament.<\/li>\n<li>Dret a oposar-se al tractament.<\/li>\n<li>Dret a la portabilitat de les dades.<\/li>\n<li>Dret a retirar el consentiment prestat.<\/li>\n<\/ul>\n<p>Qualsevol persona t\u00e9 dret a obtenir confirmaci\u00f3 sobre si a l&#8217; Entitat estem tractant dades personals que els concerneixen, o no. Les persones interessades tenen dret a accedir a les seves dades personals, aix\u00ed com a sol\u00b7licitar la rectificaci\u00f3 de les dades inexactes o, si s&#8217;escau, sol\u00b7licitar la seva supressi\u00f3 quan, entre altres motius, les dades ja no siguin necess\u00e0ries per a les finalitats que van ser recollides.<\/p>\n<p><\/p>\n<p>En determinades circumst\u00e0ncies, els interessats podran sol\u00b7licitar la limitaci\u00f3 del tractament de les seves dades, cas en el qual \u00fanicament les conservarem per a l&#8217;exercici o la defensa de reclamacions. En determinades circumst\u00e0ncies i per motius relacionats amb la seva situaci\u00f3 particular, els interessats podran oposar-se al tractament de les seves dades. En aquest cas, l&#8217; entitat,&nbsp; deixar\u00e0 de tractar les dades, llevat de motius leg\u00edtims imperiosos, o l&#8217; exercici o la defensa de possibles reclamacions.<\/p>\n<p><\/p>\n<p>Si ha atorgat el seu consentiment per a alguna finalitat concreta, t\u00e9 dret a retirar el consentiment atorgat en qualsevol moment, sense que aix\u00f2 afecti la licitud del tractament basat en el consentiment previ a la seva retirada.<\/p>\n<p><\/p>\n<ul>\n<li>Per a aix\u00f2 podr\u00e0 emprar els formularis habilitats per l&#8217;empresa, o b\u00e9 dirigir un escrit a <strong>ALUfactory la fabrica de les Finestres, S.L.<\/strong>, c\/ Riera de Argentona, Nau 2, 08349 &#8211; Cabrera de mar (Barcelona, Espanya) o tamb\u00e9 pot enviar un email a: info@alufactory.es&nbsp;<\/li>\n<\/ul>\n<p>En cas que senti vulnerats els seus drets pel que fa a la protecci\u00f3 de les seves dades personals, especialment quan no hagi obtingut satisfacci\u00f3 en l&#8217;exercici dels seus drets, pot presentar una reclamaci\u00f3 davant l&#8217;Autoritat de Control en mat\u00e8ria de Protecci\u00f3 de Dades competent a trav\u00e9s del seu lloc web:&nbsp;<a href=\"http:\/\/www.agpd.es\/\">www.agpd.es<\/a>.<\/p>\n<p><\/p>\n<p>En compliment del que preveu l&#8217;article 21 de la Llei 34\/2002 de serveis de la societat de la informaci\u00f3 i comer\u00e7 electr\u00f2nic, si vost\u00e8 no desitja rebre m\u00e9s informaci\u00f3 sobre els nostres serveis, pot donar-se de baixa en la seg\u00fcent adre\u00e7a de correu electr\u00f2nic de l&#8217;entitat, indicant en l&#8217;assumpte &#8220;No enviar correus&#8221;.<\/p>\n<p><\/p>\n<h3>PROCED\u00c8NCIA DE LES DADES<\/h3>\n<p><\/p>\n<p>Les dades personals que tractem a <strong>ALUfactory la fabrica de les Finestres, S.L<\/strong> procedeixen directament de vost\u00e8:<\/p>\n<p><\/p>\n<p>Les categories de dades que es tracten s\u00f3n:<\/p>\n<p><\/p>\n<ul>\n<li>Dades d&#8217; identificaci\u00f3.<\/li>\n<li>Codis o claus d&#8217; identificaci\u00f3.<\/li>\n<li>Adreces postals o electr\u00f2niques.<\/li>\n<li>Informaci\u00f3 comercial.<\/li>\n<li>Dades econ\u00f2miques.<\/li>\n<\/ul>\n<p>No es tracten dades especialment protegides.<\/p>\t\t\t\t\t\t<\/div>\n\t\t\t\t<\/div>\n\t\t\t\t\t<\/div>\n\t\t<\/div>\n\t\t\t\t\t<\/div>\n\t\t<\/section>\n\t\t\t\t<\/div>\n\t\t","protected":false},"excerpt":{"rendered":"<p>RESPONSABLE 1. Identitat Empresa: ALUfactory la fabrica de les Finestres, S.L. &nbsp;amb CIF: B65841116 Postal: c\/ Riera d&#8217;Argentona, Nau 2, 08349 &#8211; Cabrera de mar (Barcelona, Espanya) &nbsp;E-Mail: info@alufactory.es Dades de contacte del delegat en protecci\u00f3 de dades:No es disposa de Delegat. FINALITATS 2. Descripci\u00f3 ampliada de la finalitat\/es del tractament: Tractarem les seves dades [&hellip;]<\/p>\n","protected":false},"author":2,"featured_media":0,"parent":0,"menu_order":0,"comment_status":"closed","ping_status":"closed","template":"","meta":{"footnotes":""},"class_list":["post-4655","page","type-page","status-publish","hentry"],"yoast_head":"<!-- This site is optimized with the Yoast SEO plugin v23.1 - https:\/\/yoast.com\/wordpress\/plugins\/seo\/ -->\n<title>Pol\u00edtica de privacitat - Alufactory<\/title>\n<meta name=\"robots\" content=\"index, follow, max-snippet:-1, max-image-preview:large, max-video-preview:-1\" \/>\n<link rel=\"canonical\" href=\"https:\/\/alufactory.es\/ca\/politica-de-privacitat\/\" \/>\n<meta property=\"og:locale\" content=\"ca_ES\" \/>\n<meta property=\"og:type\" content=\"article\" \/>\n<meta property=\"og:title\" content=\"Pol\u00edtica de privacitat - Alufactory\" \/>\n<meta property=\"og:description\" content=\"RESPONSABLE 1. Identitat Empresa: ALUfactory la fabrica de les Finestres, S.L. &nbsp;amb CIF: B65841116 Postal: c\/ Riera d&#8217;Argentona, Nau 2, 08349 &#8211; Cabrera de mar (Barcelona, Espanya) &nbsp;E-Mail: info@alufactory.es Dades de contacte del delegat en protecci\u00f3 de dades:No es disposa de Delegat. FINALITATS 2. Descripci\u00f3 ampliada de la finalitat\/es del tractament: Tractarem les seves dades [&hellip;]\" \/>\n<meta property=\"og:url\" content=\"https:\/\/alufactory.es\/ca\/politica-de-privacitat\/\" \/>\n<meta property=\"og:site_name\" content=\"Alufactory\" \/>\n<meta property=\"article:modified_time\" content=\"2024-05-10T06:03:49+00:00\" \/>\n<meta name=\"twitter:card\" content=\"summary_large_image\" \/>\n<meta name=\"twitter:label1\" content=\"Est. reading time\" \/>\n\t<meta name=\"twitter:data1\" content=\"4 minutes\" \/>\n<script type=\"application\/ld+json\" class=\"yoast-schema-graph\">{\"@context\":\"https:\/\/schema.org\",\"@graph\":[{\"@type\":\"WebPage\",\"@id\":\"https:\/\/alufactory.es\/ca\/politica-de-privacitat\/\",\"url\":\"https:\/\/alufactory.es\/ca\/politica-de-privacitat\/\",\"name\":\"Pol\u00edtica de privacitat - Alufactory\",\"isPartOf\":{\"@id\":\"https:\/\/alufactory.es\/#website\"},\"datePublished\":\"2020-01-31T12:50:57+00:00\",\"dateModified\":\"2024-05-10T06:03:49+00:00\",\"breadcrumb\":{\"@id\":\"https:\/\/alufactory.es\/ca\/politica-de-privacitat\/#breadcrumb\"},\"inLanguage\":\"ca\",\"potentialAction\":[{\"@type\":\"ReadAction\",\"target\":[\"https:\/\/alufactory.es\/ca\/politica-de-privacitat\/\"]}]},{\"@type\":\"BreadcrumbList\",\"@id\":\"https:\/\/alufactory.es\/ca\/politica-de-privacitat\/#breadcrumb\",\"itemListElement\":[{\"@type\":\"ListItem\",\"position\":1,\"name\":\"Home\",\"item\":\"https:\/\/alufactory.es\/ca\/carpinteria-alumini-mataro-barcelona\/\"},{\"@type\":\"ListItem\",\"position\":2,\"name\":\"Pol\u00edtica de privacitat\"}]},{\"@type\":\"WebSite\",\"@id\":\"https:\/\/alufactory.es\/#website\",\"url\":\"https:\/\/alufactory.es\/\",\"name\":\"Alufactory\",\"description\":\"Carpinteria Aluminio Matar\u00f3 Barcelona\",\"potentialAction\":[{\"@type\":\"SearchAction\",\"target\":{\"@type\":\"EntryPoint\",\"urlTemplate\":\"https:\/\/alufactory.es\/?s={search_term_string}\"},\"query-input\":\"required name=search_term_string\"}],\"inLanguage\":\"ca\"}]}<\/script>\n<!-- \/ Yoast SEO plugin. -->","yoast_head_json":{"title":"Pol\u00edtica de privacitat - Alufactory","robots":{"index":"index","follow":"follow","max-snippet":"max-snippet:-1","max-image-preview":"max-image-preview:large","max-video-preview":"max-video-preview:-1"},"canonical":"https:\/\/alufactory.es\/ca\/politica-de-privacitat\/","og_locale":"ca_ES","og_type":"article","og_title":"Pol\u00edtica de privacitat - Alufactory","og_description":"RESPONSABLE 1. Identitat Empresa: ALUfactory la fabrica de les Finestres, S.L. &nbsp;amb CIF: B65841116 Postal: c\/ Riera d&#8217;Argentona, Nau 2, 08349 &#8211; Cabrera de mar (Barcelona, Espanya) &nbsp;E-Mail: info@alufactory.es Dades de contacte del delegat en protecci\u00f3 de dades:No es disposa de Delegat. FINALITATS 2. Descripci\u00f3 ampliada de la finalitat\/es del tractament: Tractarem les seves dades [&hellip;]","og_url":"https:\/\/alufactory.es\/ca\/politica-de-privacitat\/","og_site_name":"Alufactory","article_modified_time":"2024-05-10T06:03:49+00:00","twitter_card":"summary_large_image","twitter_misc":{"Est. reading time":"4 minutes"},"schema":{"@context":"https:\/\/schema.org","@graph":[{"@type":"WebPage","@id":"https:\/\/alufactory.es\/ca\/politica-de-privacitat\/","url":"https:\/\/alufactory.es\/ca\/politica-de-privacitat\/","name":"Pol\u00edtica de privacitat - Alufactory","isPartOf":{"@id":"https:\/\/alufactory.es\/#website"},"datePublished":"2020-01-31T12:50:57+00:00","dateModified":"2024-05-10T06:03:49+00:00","breadcrumb":{"@id":"https:\/\/alufactory.es\/ca\/politica-de-privacitat\/#breadcrumb"},"inLanguage":"ca","potentialAction":[{"@type":"ReadAction","target":["https:\/\/alufactory.es\/ca\/politica-de-privacitat\/"]}]},{"@type":"BreadcrumbList","@id":"https:\/\/alufactory.es\/ca\/politica-de-privacitat\/#breadcrumb","itemListElement":[{"@type":"ListItem","position":1,"name":"Home","item":"https:\/\/alufactory.es\/ca\/carpinteria-alumini-mataro-barcelona\/"},{"@type":"ListItem","position":2,"name":"Pol\u00edtica de privacitat"}]},{"@type":"WebSite","@id":"https:\/\/alufactory.es\/#website","url":"https:\/\/alufactory.es\/","name":"Alufactory","description":"Carpinteria Aluminio Matar\u00f3 Barcelona","potentialAction":[{"@type":"SearchAction","target":{"@type":"EntryPoint","urlTemplate":"https:\/\/alufactory.es\/?s={search_term_string}"},"query-input":"required name=search_term_string"}],"inLanguage":"ca"}]}},"_links":{"self":[{"href":"https:\/\/alufactory.es\/ca\/wp-json\/wp\/v2\/pages\/4655"}],"collection":[{"href":"https:\/\/alufactory.es\/ca\/wp-json\/wp\/v2\/pages"}],"about":[{"href":"https:\/\/alufactory.es\/ca\/wp-json\/wp\/v2\/types\/page"}],"author":[{"embeddable":true,"href":"https:\/\/alufactory.es\/ca\/wp-json\/wp\/v2\/users\/2"}],"replies":[{"embeddable":true,"href":"https:\/\/alufactory.es\/ca\/wp-json\/wp\/v2\/comments?post=4655"}],"version-history":[{"count":4,"href":"https:\/\/alufactory.es\/ca\/wp-json\/wp\/v2\/pages\/4655\/revisions"}],"predecessor-version":[{"id":4663,"href":"https:\/\/alufactory.es\/ca\/wp-json\/wp\/v2\/pages\/4655\/revisions\/4663"}],"wp:attachment":[{"href":"https:\/\/alufactory.es\/ca\/wp-json\/wp\/v2\/media?parent=4655"}],"curies":[{"name":"wp","href":"https:\/\/api.w.org\/{rel}","templated":true}]}}