{"id":4665,"date":"2020-01-31T12:50:51","date_gmt":"2020-01-31T12:50:51","guid":{"rendered":"https:\/\/alufactory.es\/avis-legal\/"},"modified":"2024-05-10T06:09:05","modified_gmt":"2024-05-10T06:09:05","slug":"avis-legal","status":"publish","type":"page","link":"https:\/\/alufactory.es\/ca\/avis-legal\/","title":{"rendered":"Av\u00eds legal"},"content":{"rendered":"\t\t<div data-elementor-type=\"wp-page\" data-elementor-id=\"4665\" class=\"elementor elementor-4665 elementor-17\" data-elementor-post-type=\"page\">\n\t\t\t\t\t\t<section class=\"elementor-section elementor-top-section elementor-element elementor-element-455e278 elementor-section-boxed elementor-section-height-default elementor-section-height-default\" data-id=\"455e278\" data-element_type=\"section\">\n\t\t\t\t\t\t<div class=\"elementor-container elementor-column-gap-default\">\n\t\t\t\t\t<div class=\"elementor-column elementor-col-100 elementor-top-column elementor-element elementor-element-c6ce73e\" data-id=\"c6ce73e\" data-element_type=\"column\">\n\t\t\t<div class=\"elementor-widget-wrap elementor-element-populated\">\n\t\t\t\t\t\t\t<\/div>\n\t\t<\/div>\n\t\t\t\t\t<\/div>\n\t\t<\/section>\n\t\t\t\t<section class=\"elementor-section elementor-top-section elementor-element elementor-element-aa36ae7 elementor-section-boxed elementor-section-height-default elementor-section-height-default\" data-id=\"aa36ae7\" data-element_type=\"section\">\n\t\t\t\t\t\t<div class=\"elementor-container elementor-column-gap-default\">\n\t\t\t\t\t<div class=\"elementor-column elementor-col-100 elementor-top-column elementor-element elementor-element-b8dafe8\" data-id=\"b8dafe8\" data-element_type=\"column\">\n\t\t\t<div class=\"elementor-widget-wrap elementor-element-populated\">\n\t\t\t\t\t\t<div class=\"elementor-element elementor-element-3e55945 elementor-widget elementor-widget-text-editor\" data-id=\"3e55945\" data-element_type=\"widget\" data-widget_type=\"text-editor.default\">\n\t\t\t\t<div class=\"elementor-widget-container\">\n\t\t\t\t\t\t\t<p><strong>Dades identificatives<\/strong><\/p>\n<p><\/p>\n<ol>\n<li>Vost\u00e8 est\u00e0 visitant la p\u00e0gina web www.alufactory.es titularitat d&#8217;ALUfactory la fabrica de les Finestres, S.L amb domicili social c\/ Riera de Argentona, Nave 2, 08349 &#8211; Cabrera de mar (Barcelona, Espanya) amb CIF B65841116, en endavant EL TITULAR.<\/li>\n<\/ol>\n<p>Pot contactar amb el TITULAR per qualsevol dels mitjans seg\u00fcents:<\/p>\n<p><\/p>\n<p>Tel\u00e8fon:&nbsp; <strong>93 756 05 05<\/strong><\/p>\n<p><\/p>\n<p>Correu electr\u00f2nic de contacte:&nbsp;info@alufactory.es&nbsp;<\/p>\n<p><\/p>\n<p><\/p>\n<p><strong>Usuaris<\/strong><\/p>\n<p><\/p>\n<ol start=\"2\">\n<li>Les presents condicions (en endavant Av\u00eds Legal) t\u00e9 per finalitat regular l&#8217;\u00fas de la p\u00e0gina web d&#8217;EL TITULAR que posa a disposici\u00f3 del p\u00fablic.<\/li>\n<\/ol>\n<p>L&#8217;acc\u00e9s i\/o \u00fas d&#8217;aquesta p\u00e0gina web atribueix la condici\u00f3 d&#8217;USUARI, que accepta, des d&#8217;aquest acc\u00e9s i\/o \u00fas, les condicions generals d&#8217;\u00fas aqu\u00ed reflectides. Les esmentades condicions seran d&#8217; aplicaci\u00f3 independentment de les condicions generals de contractaci\u00f3 que en el seu cas resultin d&#8217; obligat compliment.<\/p>\n<p><\/p>\n<p><strong>\u00das del portal<\/strong><\/p>\n<p><\/p>\n<ol start=\"3\">\n<li>www.alufactory.es proporciona l&#8217;acc\u00e9s a multitud d&#8217;informacions, serveis, programes o dades (en endavant, &#8220;els continguts&#8221;) a Internet pertanyents a EL TITULAR o als seus llicenciants als quals l&#8217;USUARI pot tenir acc\u00e9s.<\/li>\n<\/ol>\n<p>L&#8217;usuari assumeix la responsabilitat de l&#8217;\u00fas del portal. Aquesta responsabilitat s&#8217; est\u00e9n al registre que fos necessari per accedir a determinats serveis o continguts. En aquest registre l&#8217; USUARI ser\u00e0 responsable d&#8217; aportar informaci\u00f3 vera\u00e7 i l\u00edcita. Com a conseq\u00fc\u00e8ncia d&#8217; aquest registre, a l&#8217; USUARI se li pot proporcionar una contrasenya de la qual ser\u00e0 responsable, comprometent-se a fer-ne un \u00fas diligent i confidencial.<\/p>\n<p><\/p>\n<p>L&#8217;USUARI es compromet a fer un \u00fas adequat dels continguts i serveis (p.e. serveis de xat, f\u00f2rums de discussi\u00f3 o grups de not\u00edcies) que EL TITULAR ofereix a trav\u00e9s del seu portal i amb car\u00e0cter enunciatiu per\u00f2 no limitatiu, a no emprar-los per:<\/p>\n<p><\/p>\n<ul>\n<li>Inc\u00f3rrer en activitats il\u00b7l\u00edcites, il\u00b7legals o contr\u00e0ries a la bona fe i a l&#8217;ordre p\u00fablic.<\/li>\n<li>Difondre continguts o propaganda racista, xen\u00f2foba, pornogr\u00e0fic-il\u00b7legal, d&#8217;apologia del terrorisme o atemptat\u00f2ria contra els drets humans.<\/li>\n<li>Provocar danys en els sistemes f\u00edsics i l\u00f2gics de [Nombre de la empresa], dels seus prove\u00efdors o de terceres persones, introduir o difondre en l xarxa virus inform\u00e0tics o qualssevol altres sistemes f\u00edsics o l\u00f2gics que siguin susceptibles de provocar els danys anteriorment esmentats.<\/li>\n<li>Intentar accedir i, si s&#8217; escau, utilitzar els comptes de correu electr\u00f2nic d&#8217; altres usuaris i modificar o manipular els seus missatges.<\/li>\n<li>Utilitzar el lloc web ni les informacions que s&#8217;hi contenen amb finalitats comercials, pol\u00edtiques, publicit\u00e0ries i per a qualsevol \u00fas comercial, sobretot en l&#8217;enviament de correus electr\u00f2nics no sol\u00b7licitats.<\/li>\n<\/ul>\n<p>EL TITULAR es reserva el dret a retirar tots aquells comentaris i aportacions que vulnerin el respecte a la dignitat de la persona, que siguin discriminatoris, xen\u00f2fobs, racistes pornogr\u00e0fics, que atempten contra la joventut o la inf\u00e0ncia, l&#8217; ordre o la seguretat p\u00fablica o que, al seu judici, no resultaran adequats per a la seva publicaci\u00f3. En qualsevol cas, EL TITULAR no ser\u00e0 responsable de les opinions abocades pels usuaris a trav\u00e9s dels f\u00f2rums, xats, o altres eines de participaci\u00f3.<\/p>\n<p><\/p>\n<p><strong>Protecci\u00f3 de dades<\/strong><\/p>\n<p><\/p>\n<ol start=\"4\">\n<li>Tot el relatiu a la pol\u00edtica de protecci\u00f3 de dades es troba recollit en el document de pol\u00edtica de privacitat.<\/li>\n<\/ol>\n<p><\/p>\n<p><strong>Continguts. Propietat intel\u00b7lectual i industrial<\/strong><\/p>\n<p><\/p>\n<ol start=\"5\">\n<li>EL TITULAR \u00e9s propietari de tots els drets de propietat intel\u00b7lectual i industrial de la seva p\u00e0gina web, aix\u00ed com dels elements continguts en la mateixa (a t\u00edtol enunciatiu: imatges, fotografies, so, \u00e0udio, v\u00eddeo, programari o textos; marques o logotips, combinacions de colors, estructura i disseny, selecci\u00f3 de materials usats, programes d&#8217;ordinador necessaris per al seu funcionament,  acc\u00e9s i \u00fas, etc), titularitat del TITULAR o b\u00e9 dels seus llicenciants.<\/li>\n<\/ol>\n<p>Tots els drets reservats. En virtut del que disposen els articles 8 i 32.1, par\u00e0graf segon, de la Llei de Propietat Intel\u00b7lectual, queden expressament prohibides la reproducci\u00f3, la distribuci\u00f3 i la comunicaci\u00f3 p\u00fablica, inclosa la seva modalitat de posada a disposici\u00f3, de la totalitat o part dels continguts d&#8217;aquesta p\u00e0gina web, amb finalitats comercials, en qualsevol suport i per qualsevol mitj\u00e0 t\u00e8cnic,  sense l&#8217; autoritzaci\u00f3 del TITULAR.<\/p>\n<p><\/p>\n<p><strong>Exclusi\u00f3 de garanties i responsabilitat<\/strong><\/p>\n<p><\/p>\n<ol start=\"6\">\n<li>L&#8217;USUARI reconeix que la utilitzaci\u00f3 de la p\u00e0gina web i dels seus continguts i serveis es desenvolupa sota la seva exclusiva responsabilitat. En concret, a t\u00edtol merament enunciatiu, EL TITULAR no assumeix cap responsabilitat en els \u00e0mbits seg\u00fcents:<\/li>\n<\/ol>\n<ol>\n<li>a) La disponibilitat del funcionament de la p\u00e0gina web, els seus serveis i continguts i la seva qualitat o interoperabilitat.<\/li>\n<li>b) La finalitat per a la qual la p\u00e0gina web serveixi als objectius de l&#8217; USUARI.<\/li>\n<li>c) La infracci\u00f3 de la legislaci\u00f3 vigent per part de l&#8217; USUARI o tercers i, en concret, dels drets de propietat intel\u00b7lectual i industrial que siguin titularitat d&#8217; altres persones o entitats.<\/li>\n<li>d) L&#8217; exist\u00e8ncia de codis maliciosos o qualsevol altre element inform\u00e0tic dany\u00f3s que pogu\u00e9s causar el sistema inform\u00e0tic de l&#8217; USUARI o de tercers. Correspon a l&#8217; USUARI, en tot cas, disposar d&#8217; eines adequades per a la detecci\u00f3 i desinfecci\u00f3 d&#8217; aquests elements.<\/li>\n<li>e) L&#8217; acc\u00e9s fraudulent als continguts o serveis per ter\u00e7os no autoritzats, o, si s&#8217; escau, la captura, eliminaci\u00f3, alteraci\u00f3, modificaci\u00f3 o manipulaci\u00f3 dels missatges i comunicacions de qualsevol classe que aquests tercers puguin realitzar.<\/li>\n<li>f) L&#8217; exactitud, veracitat, actualitat i utilitat dels continguts i serveis oferts i la utilitzaci\u00f3 posterior que en faci l&#8217; USUARI. EL TITULAR emprar\u00e0 tots els esfor\u00e7os i mitjans raonables per facilitar la informaci\u00f3 actualitzada i fefaent.<\/li>\n<li>g) Els danys produ\u00efts a equips inform\u00e0tics durant l&#8217; acc\u00e9s a la p\u00e0gina web i els danys produ\u00efts als USUARIS quan tinguin el seu origen en fallades o desconnexions a les xarxes de telecomunicacions que interrompen el servei.<\/li>\n<li>h) Els danys o perjudicis que es derivin de circumst\u00e0ncies esdevingudes per cas fortu\u00eft o for\u00e7a major.<\/li>\n<\/ol>\n<p>En cas que existeixin f\u00f2rums, l&#8217; \u00fas dels mateixos o altres espais an\u00e0legs, s&#8217; ha de tenir en compte que els missatges reflecteixin \u00fanicament l&#8217; opini\u00f3 de l&#8217; USUARI que els remet, que \u00e9s l&#8217; \u00fanic responsable. EL TITULAR no es fa responsable del contingut dels missatges enviats per l&#8217; USUARI.<\/p>\n<p><\/p>\n<p><strong>Modificaci\u00f3 d&#8217; aquest av\u00eds legal i durada<\/strong><\/p>\n<p><\/p>\n<ol start=\"7\">\n<li>EL TITULAR es reserva el dret d&#8217; efectuar sense previ av\u00eds les modificacions que consideri oportunes en el seu portal, podent canviar, suprimir o afegir tants continguts i serveis que es prestin a trav\u00e9s de la mateixa, com la forma en la qual aquests apareguin representats o localitzats en el seu portal.<br>La vig\u00e8ncia de les esmentades condicions anir\u00e0 en funci\u00f3 de la seva exposici\u00f3 i seran vigents fins que siguin modificades per altres degudament publicades.<\/li>\n<\/ol>\n<p><\/p>\n<p><strong>Enlla\u00e7os<\/strong><\/p>\n<p><\/p>\n<ol start=\"8\">\n<li>En el cas que en www.alufactory.es s&#8217; incloguessin enlla\u00e7os o hipervincles cap a altres llocs d&#8217; Internet, EL TITULAR no exercir\u00e0 cap tipus de control sobre aquests llocs i continguts. En cap cas EL TITULAR assumir\u00e0 cap responsabilitat pels continguts d&#8217;algun enlla\u00e7 pertanyent a un lloc web ali\u00e8, ni garantir\u00e0 la disponibilitat t\u00e8cnica, qualitat, fiabilitat, exactitud, amplitud, veracitat, validesa i constitucionalitat de qualsevol mat\u00e8ria o informaci\u00f3 continguda en cap d&#8217;aquests hipervincles i altres llocs a Internet. Igualment, la inclusi\u00f3 d&#8217; aquestes connexions externes no implicar\u00e0 cap tipus d&#8217; associaci\u00f3, fusi\u00f3 o participaci\u00f3 amb les entitats connectades.<\/li>\n<\/ol>\n<p><\/p>\n<p><strong>Drets d&#8217; exclusi\u00f3<\/strong><\/p>\n<p><\/p>\n<ol start=\"9\">\n<li>EL TITULAR es reserva el dret a denegar o retirar l&#8217;acc\u00e9s a portal i\/o els serveis oferts sense necessitat d&#8217;advert\u00e8ncia pr\u00e8via, a inst\u00e0ncia pr\u00f2pia o d&#8217;un tercer, a aquells usuaris que incompleixin el contingut d&#8217;aquest av\u00eds legal.<\/li>\n<\/ol>\n<p><\/p>\n<p><strong>Generalitats<\/strong><\/p>\n<p><\/p>\n<ol start=\"10\">\n<li>EL TITULAR perseguir\u00e0 l&#8217; incompliment de les presents condicions aix\u00ed com qualsevol utilitzaci\u00f3 indeguda del seu portal exercint totes les accions civils i penals que li puguin correspondre en dret.<\/li>\n<\/ol>\n<p><\/p>\n<p><strong>Legislaci\u00f3 aplicable i jurisdicci\u00f3<\/strong><\/p>\n<p><\/p>\n<ol start=\"11\">\n<li>La relaci\u00f3 entre EL TITULAR i L&#8217; USUARI es regir\u00e0 per la normativa espanyola vigent. Totes les disputes i reclamacions derivades d&#8217;aquest av\u00eds legal es resoldran pels jutjats i tribunals espanyols.<\/li>\n<\/ol>\n<p><\/p>\n<p><strong>Menors d&#8217; edat<\/strong><\/p>\n<p><\/p>\n<ol start=\"12\">\n<li>www.alufactory.es dirigeix els seus serveis a usuaris majors de 18 anys. Els menors d&#8217;aquesta edat no estan autoritzats a utilitzar els nostres serveis i no hauran, per tant, enviar-nos les seves dades personals. Informem que si es d\u00f3na aquesta circumst\u00e0ncia, ALUfactory la fabrica de les Finestres, S.L no es fa responsable de les possibles conseq\u00fc\u00e8ncies que poguessin derivar-se de l&#8217;incompliment de l&#8217;av\u00eds que en aquesta mateixa cl\u00e0usula s&#8217;estableix.<\/li>\n<\/ol>\t\t\t\t\t\t<\/div>\n\t\t\t\t<\/div>\n\t\t\t\t\t<\/div>\n\t\t<\/div>\n\t\t\t\t\t<\/div>\n\t\t<\/section>\n\t\t\t\t<\/div>\n\t\t","protected":false},"excerpt":{"rendered":"<p>Dades identificatives Vost\u00e8 est\u00e0 visitant la p\u00e0gina web www.alufactory.es titularitat d&#8217;ALUfactory la fabrica de les Finestres, S.L amb domicili social c\/ Riera de Argentona, Nave 2, 08349 &#8211; Cabrera de mar (Barcelona, Espanya) amb CIF B65841116, en endavant EL TITULAR. Pot contactar amb el TITULAR per qualsevol dels mitjans seg\u00fcents: Tel\u00e8fon:&nbsp; 93 756 05 05 [&hellip;]<\/p>\n","protected":false},"author":2,"featured_media":0,"parent":0,"menu_order":0,"comment_status":"closed","ping_status":"closed","template":"","meta":{"footnotes":""},"class_list":["post-4665","page","type-page","status-publish","hentry"],"yoast_head":"<!-- This site is optimized with the Yoast SEO plugin v23.1 - https:\/\/yoast.com\/wordpress\/plugins\/seo\/ -->\n<title>Av\u00eds legal - Alufactory<\/title>\n<meta name=\"robots\" content=\"index, follow, max-snippet:-1, max-image-preview:large, max-video-preview:-1\" \/>\n<link rel=\"canonical\" href=\"https:\/\/alufactory.es\/ca\/avis-legal\/\" \/>\n<meta property=\"og:locale\" content=\"ca_ES\" \/>\n<meta property=\"og:type\" content=\"article\" \/>\n<meta property=\"og:title\" content=\"Av\u00eds legal - Alufactory\" \/>\n<meta property=\"og:description\" content=\"Dades identificatives Vost\u00e8 est\u00e0 visitant la p\u00e0gina web www.alufactory.es titularitat d&#8217;ALUfactory la fabrica de les Finestres, S.L amb domicili social c\/ Riera de Argentona, Nave 2, 08349 &#8211; Cabrera de mar (Barcelona, Espanya) amb CIF B65841116, en endavant EL TITULAR. Pot contactar amb el TITULAR per qualsevol dels mitjans seg\u00fcents: Tel\u00e8fon:&nbsp; 93 756 05 05 [&hellip;]\" \/>\n<meta property=\"og:url\" content=\"https:\/\/alufactory.es\/ca\/avis-legal\/\" \/>\n<meta property=\"og:site_name\" content=\"Alufactory\" \/>\n<meta property=\"article:modified_time\" content=\"2024-05-10T06:09:05+00:00\" \/>\n<meta name=\"twitter:card\" content=\"summary_large_image\" \/>\n<meta name=\"twitter:label1\" content=\"Est. reading time\" \/>\n\t<meta name=\"twitter:data1\" content=\"7 minutes\" \/>\n<script type=\"application\/ld+json\" class=\"yoast-schema-graph\">{\"@context\":\"https:\/\/schema.org\",\"@graph\":[{\"@type\":\"WebPage\",\"@id\":\"https:\/\/alufactory.es\/ca\/avis-legal\/\",\"url\":\"https:\/\/alufactory.es\/ca\/avis-legal\/\",\"name\":\"Av\u00eds legal - Alufactory\",\"isPartOf\":{\"@id\":\"https:\/\/alufactory.es\/#website\"},\"datePublished\":\"2020-01-31T12:50:51+00:00\",\"dateModified\":\"2024-05-10T06:09:05+00:00\",\"breadcrumb\":{\"@id\":\"https:\/\/alufactory.es\/ca\/avis-legal\/#breadcrumb\"},\"inLanguage\":\"ca\",\"potentialAction\":[{\"@type\":\"ReadAction\",\"target\":[\"https:\/\/alufactory.es\/ca\/avis-legal\/\"]}]},{\"@type\":\"BreadcrumbList\",\"@id\":\"https:\/\/alufactory.es\/ca\/avis-legal\/#breadcrumb\",\"itemListElement\":[{\"@type\":\"ListItem\",\"position\":1,\"name\":\"Home\",\"item\":\"https:\/\/alufactory.es\/ca\/carpinteria-alumini-mataro-barcelona\/\"},{\"@type\":\"ListItem\",\"position\":2,\"name\":\"Av\u00eds legal\"}]},{\"@type\":\"WebSite\",\"@id\":\"https:\/\/alufactory.es\/#website\",\"url\":\"https:\/\/alufactory.es\/\",\"name\":\"Alufactory\",\"description\":\"Carpinteria Aluminio Matar\u00f3 Barcelona\",\"potentialAction\":[{\"@type\":\"SearchAction\",\"target\":{\"@type\":\"EntryPoint\",\"urlTemplate\":\"https:\/\/alufactory.es\/?s={search_term_string}\"},\"query-input\":\"required name=search_term_string\"}],\"inLanguage\":\"ca\"}]}<\/script>\n<!-- \/ Yoast SEO plugin. -->","yoast_head_json":{"title":"Av\u00eds legal - Alufactory","robots":{"index":"index","follow":"follow","max-snippet":"max-snippet:-1","max-image-preview":"max-image-preview:large","max-video-preview":"max-video-preview:-1"},"canonical":"https:\/\/alufactory.es\/ca\/avis-legal\/","og_locale":"ca_ES","og_type":"article","og_title":"Av\u00eds legal - Alufactory","og_description":"Dades identificatives Vost\u00e8 est\u00e0 visitant la p\u00e0gina web www.alufactory.es titularitat d&#8217;ALUfactory la fabrica de les Finestres, S.L amb domicili social c\/ Riera de Argentona, Nave 2, 08349 &#8211; Cabrera de mar (Barcelona, Espanya) amb CIF B65841116, en endavant EL TITULAR. Pot contactar amb el TITULAR per qualsevol dels mitjans seg\u00fcents: Tel\u00e8fon:&nbsp; 93 756 05 05 [&hellip;]","og_url":"https:\/\/alufactory.es\/ca\/avis-legal\/","og_site_name":"Alufactory","article_modified_time":"2024-05-10T06:09:05+00:00","twitter_card":"summary_large_image","twitter_misc":{"Est. reading time":"7 minutes"},"schema":{"@context":"https:\/\/schema.org","@graph":[{"@type":"WebPage","@id":"https:\/\/alufactory.es\/ca\/avis-legal\/","url":"https:\/\/alufactory.es\/ca\/avis-legal\/","name":"Av\u00eds legal - Alufactory","isPartOf":{"@id":"https:\/\/alufactory.es\/#website"},"datePublished":"2020-01-31T12:50:51+00:00","dateModified":"2024-05-10T06:09:05+00:00","breadcrumb":{"@id":"https:\/\/alufactory.es\/ca\/avis-legal\/#breadcrumb"},"inLanguage":"ca","potentialAction":[{"@type":"ReadAction","target":["https:\/\/alufactory.es\/ca\/avis-legal\/"]}]},{"@type":"BreadcrumbList","@id":"https:\/\/alufactory.es\/ca\/avis-legal\/#breadcrumb","itemListElement":[{"@type":"ListItem","position":1,"name":"Home","item":"https:\/\/alufactory.es\/ca\/carpinteria-alumini-mataro-barcelona\/"},{"@type":"ListItem","position":2,"name":"Av\u00eds legal"}]},{"@type":"WebSite","@id":"https:\/\/alufactory.es\/#website","url":"https:\/\/alufactory.es\/","name":"Alufactory","description":"Carpinteria Aluminio Matar\u00f3 Barcelona","potentialAction":[{"@type":"SearchAction","target":{"@type":"EntryPoint","urlTemplate":"https:\/\/alufactory.es\/?s={search_term_string}"},"query-input":"required name=search_term_string"}],"inLanguage":"ca"}]}},"_links":{"self":[{"href":"https:\/\/alufactory.es\/ca\/wp-json\/wp\/v2\/pages\/4665"}],"collection":[{"href":"https:\/\/alufactory.es\/ca\/wp-json\/wp\/v2\/pages"}],"about":[{"href":"https:\/\/alufactory.es\/ca\/wp-json\/wp\/v2\/types\/page"}],"author":[{"embeddable":true,"href":"https:\/\/alufactory.es\/ca\/wp-json\/wp\/v2\/users\/2"}],"replies":[{"embeddable":true,"href":"https:\/\/alufactory.es\/ca\/wp-json\/wp\/v2\/comments?post=4665"}],"version-history":[{"count":4,"href":"https:\/\/alufactory.es\/ca\/wp-json\/wp\/v2\/pages\/4665\/revisions"}],"predecessor-version":[{"id":4674,"href":"https:\/\/alufactory.es\/ca\/wp-json\/wp\/v2\/pages\/4665\/revisions\/4674"}],"wp:attachment":[{"href":"https:\/\/alufactory.es\/ca\/wp-json\/wp\/v2\/media?parent=4665"}],"curies":[{"name":"wp","href":"https:\/\/api.w.org\/{rel}","templated":true}]}}