{"id":4378,"date":"2024-04-26T10:54:19","date_gmt":"2024-04-26T10:54:19","guid":{"rendered":"https:\/\/alufactory.es\/clotures\/"},"modified":"2024-05-09T13:39:08","modified_gmt":"2024-05-09T13:39:08","slug":"clotures","status":"publish","type":"page","link":"https:\/\/alufactory.es\/fr\/clotures\/","title":{"rendered":"Cl\u00f4tures"},"content":{"rendered":"\t\t<div data-elementor-type=\"wp-page\" data-elementor-id=\"4378\" class=\"elementor elementor-4378 elementor-3531\" data-elementor-post-type=\"page\">\n\t\t\t\t\t\t<section class=\"elementor-section elementor-top-section elementor-element elementor-element-0be6315 elementor-section-boxed elementor-section-height-default elementor-section-height-default\" data-id=\"0be6315\" data-element_type=\"section\" data-settings=\"{&quot;background_background&quot;:&quot;classic&quot;}\">\n\t\t\t\t\t\t\t<div class=\"elementor-background-overlay\"><\/div>\n\t\t\t\t\t\t\t<div class=\"elementor-container elementor-column-gap-default\">\n\t\t\t\t\t<div class=\"elementor-column elementor-col-100 elementor-top-column elementor-element elementor-element-86a728a\" data-id=\"86a728a\" data-element_type=\"column\">\n\t\t\t<div class=\"elementor-widget-wrap elementor-element-populated\">\n\t\t\t\t\t\t<div class=\"elementor-element elementor-element-adf1c7f elementor-widget__width-auto elementor-widget elementor-widget-heading\" data-id=\"adf1c7f\" data-element_type=\"widget\" data-widget_type=\"heading.default\">\n\t\t\t\t<div class=\"elementor-widget-container\">\n\t\t\t<p class=\"elementor-heading-title elementor-size-default\"><a href=\"https:\/\/alufactory.es\/fr\/\">Commencement\/&nbsp;<\/a><\/p>\t\t<\/div>\n\t\t\t\t<\/div>\n\t\t\t\t<div class=\"elementor-element elementor-element-948ffa3 elementor-widget__width-auto elementor-widget elementor-widget-heading\" data-id=\"948ffa3\" data-element_type=\"widget\" data-widget_type=\"heading.default\">\n\t\t\t\t<div class=\"elementor-widget-container\">\n\t\t\t<h1 class=\"elementor-heading-title elementor-size-default\"><a href=\"https:\/\/alufactory.es\/productos\/\">Produits\/<\/a><\/h1>\t\t<\/div>\n\t\t\t\t<\/div>\n\t\t\t\t<div class=\"elementor-element elementor-element-896b5f3 elementor-widget__width-auto elementor-widget elementor-widget-heading\" data-id=\"896b5f3\" data-element_type=\"widget\" data-widget_type=\"heading.default\">\n\t\t\t\t<div class=\"elementor-widget-container\">\n\t\t\t<h1 class=\"elementor-heading-title elementor-size-default\">Cl\u00f4tures<\/h1>\t\t<\/div>\n\t\t\t\t<\/div>\n\t\t\t\t\t<\/div>\n\t\t<\/div>\n\t\t\t\t\t<\/div>\n\t\t<\/section>\n\t\t\t\t<section class=\"elementor-section elementor-top-section elementor-element elementor-element-ca0fb41 elementor-section-boxed elementor-section-height-default elementor-section-height-default\" data-id=\"ca0fb41\" data-element_type=\"section\">\n\t\t\t\t\t\t<div class=\"elementor-container elementor-column-gap-default\">\n\t\t\t\t\t<div class=\"elementor-column elementor-col-50 elementor-top-column elementor-element elementor-element-704229b\" data-id=\"704229b\" data-element_type=\"column\">\n\t\t\t<div class=\"elementor-widget-wrap elementor-element-populated\">\n\t\t\t\t\t\t<section class=\"elementor-section elementor-inner-section elementor-element elementor-element-08c5f76 elementor-section-boxed elementor-section-height-default elementor-section-height-default\" data-id=\"08c5f76\" data-element_type=\"section\" data-settings=\"{&quot;sticky&quot;:&quot;top&quot;,&quot;sticky_offset&quot;:108,&quot;sticky_parent&quot;:&quot;yes&quot;,&quot;sticky_on&quot;:[&quot;desktop&quot;,&quot;tablet&quot;,&quot;mobile&quot;],&quot;sticky_effects_offset&quot;:0}\">\n\t\t\t\t\t\t<div class=\"elementor-container elementor-column-gap-default\">\n\t\t\t\t\t<div class=\"elementor-column elementor-col-100 elementor-inner-column elementor-element elementor-element-970dd7d\" data-id=\"970dd7d\" data-element_type=\"column\">\n\t\t\t<div class=\"elementor-widget-wrap elementor-element-populated\">\n\t\t\t\t\t\t<div class=\"elementor-element elementor-element-7dd049c elementor-arrows-position-inside elementor-widget elementor-widget-image-carousel\" data-id=\"7dd049c\" data-element_type=\"widget\" data-settings=\"{&quot;slides_to_show&quot;:&quot;1&quot;,&quot;navigation&quot;:&quot;arrows&quot;,&quot;pause_on_hover&quot;:&quot;no&quot;,&quot;pause_on_interaction&quot;:&quot;no&quot;,&quot;autoplay&quot;:&quot;yes&quot;,&quot;autoplay_speed&quot;:5000,&quot;infinite&quot;:&quot;yes&quot;,&quot;effect&quot;:&quot;slide&quot;,&quot;speed&quot;:500}\" data-widget_type=\"image-carousel.default\">\n\t\t\t\t<div class=\"elementor-widget-container\">\n\t\t\t\t\t<div class=\"elementor-image-carousel-wrapper swiper\" dir=\"ltr\">\n\t\t\t<div class=\"elementor-image-carousel swiper-wrapper\" aria-live=\"off\">\n\t\t\t\t\t\t\t\t<div class=\"swiper-slide\" role=\"group\" aria-roledescription=\"slide\" aria-label=\"1 of 2\"><figure class=\"swiper-slide-inner\"><img decoding=\"async\" class=\"swiper-slide-image\" src=\"https:\/\/alufactory.es\/wp-content\/uploads\/2024\/04\/img_alu-closed-foto.jpg\" alt=\"img\" \/><\/figure><\/div><div class=\"swiper-slide\" role=\"group\" aria-roledescription=\"slide\" aria-label=\"2 of 2\"><figure class=\"swiper-slide-inner\"><img decoding=\"async\" class=\"swiper-slide-image\" src=\"https:\/\/alufactory.es\/wp-content\/uploads\/2024\/04\/img_alu-closed-perfil.jpg\" alt=\"img\" \/><\/figure><\/div>\t\t\t<\/div>\n\t\t\t\t\t\t\t\t\t\t\t\t<div class=\"elementor-swiper-button elementor-swiper-button-prev\" role=\"button\" tabindex=\"0\">\n\t\t\t\t\t\t<i aria-hidden=\"true\" class=\"eicon-chevron-left\"><\/i>\t\t\t\t\t<\/div>\n\t\t\t\t\t<div class=\"elementor-swiper-button elementor-swiper-button-next\" role=\"button\" tabindex=\"0\">\n\t\t\t\t\t\t<i aria-hidden=\"true\" class=\"eicon-chevron-right\"><\/i>\t\t\t\t\t<\/div>\n\t\t\t\t\n\t\t\t\t\t\t\t\t\t<\/div>\n\t\t\t\t<\/div>\n\t\t\t\t<\/div>\n\t\t\t\t\t<\/div>\n\t\t<\/div>\n\t\t\t\t\t<\/div>\n\t\t<\/section>\n\t\t\t\t\t<\/div>\n\t\t<\/div>\n\t\t\t\t<div class=\"elementor-column elementor-col-50 elementor-top-column elementor-element elementor-element-6b19ab0\" data-id=\"6b19ab0\" data-element_type=\"column\">\n\t\t\t<div class=\"elementor-widget-wrap elementor-element-populated\">\n\t\t\t\t\t\t<div class=\"elementor-element elementor-element-200dd46 elementor-widget elementor-widget-heading\" data-id=\"200dd46\" data-element_type=\"widget\" data-widget_type=\"heading.default\">\n\t\t\t\t<div class=\"elementor-widget-container\">\n\t\t\t<h2 class=\"elementor-heading-title elementor-size-default\">CL\u00d4TURES<\/h2>\t\t<\/div>\n\t\t\t\t<\/div>\n\t\t\t\t<div class=\"elementor-element elementor-element-209326d elementor-widget elementor-widget-heading\" data-id=\"209326d\" data-element_type=\"widget\" data-widget_type=\"heading.default\">\n\t\t\t\t<div class=\"elementor-widget-container\">\n\t\t\t<h2 class=\"elementor-heading-title elementor-size-default\">ALU-FERM\u00c9<\/h2>\t\t<\/div>\n\t\t\t\t<\/div>\n\t\t\t\t<div class=\"elementor-element elementor-element-5ff428b elementor-widget elementor-widget-jet-unfold\" data-id=\"5ff428b\" data-element_type=\"widget\" data-widget_type=\"jet-unfold.default\">\n\t\t\t\t<div class=\"elementor-widget-container\">\n\t\t\t\t\t<div class=\"jet-unfold \" data-settings=\"{&quot;height&quot;:{&quot;unit&quot;:&quot;px&quot;,&quot;size&quot;:50,&quot;sizes&quot;:[]},&quot;heightTablet&quot;:null,&quot;heightMobile&quot;:null,&quot;separatorHeight&quot;:{&quot;unit&quot;:&quot;px&quot;,&quot;size&quot;:&quot;&quot;,&quot;sizes&quot;:[]},&quot;unfoldDuration&quot;:{&quot;unit&quot;:&quot;ms&quot;,&quot;size&quot;:500,&quot;sizes&quot;:[]},&quot;foldDuration&quot;:{&quot;unit&quot;:&quot;ms&quot;,&quot;size&quot;:300,&quot;sizes&quot;:[]},&quot;unfoldEasing&quot;:&quot;easeOutBack&quot;,&quot;foldEasing&quot;:&quot;easeOutSine&quot;}\">\n\t\t\t<div class=\"jet-unfold__inner\">\n\t\t\t\t<div class=\"jet-unfold__mask\">\n\t\t\t\t\t<div class=\"jet-unfold__content\">\n\t\t\t\t\t\t<div class=\"jet-unfold__content-inner elementor-text-editor elementor-clearfix\"><p class=\"p1\">L\u2019une des applications les plus traditionnelles est l\u2019enceinte fixe, dont la fonction principale est de d\u00e9limiter son propre espace et de pr\u00e9server l\u2019intimit\u00e9. Closed r\u00e9pond \u00e0 ces besoins prioritaires gr\u00e2ce \u00e0 sa vaste gamme de<span class=\"Apple-converted-space\">  <\/span>et leurs solutions, ainsi que leur robustesse et leur s\u00e9curit\u00e9 exceptionnelles.<\/p>\n<\/p>\n<p class=\"p1\">De plus, il permet des applications compl\u00e9mentaires (comme l\u2019utilisation de lames mobiles), qui offrent des possibilit\u00e9s plus imaginatives. Tous les accessoires structurels sont en aluminium usin\u00e9 et sont enti\u00e8rement int\u00e9gr\u00e9s dans le syst\u00e8me, ce qui leur permet d\u2019avoir la m\u00eame couleur que le reste des profil\u00e9s.<\/p>\n<\/div>\n\t\t\t\t\t<\/div>\n\t\t\t\t\t<div class=\"jet-unfold__separator\"><\/div>\n\t\t\t\t<\/div>\n\t\t\t\t<div class=\"jet-unfold__trigger\"><div class=\"jet-unfold__button elementor-button elementor-size-md\" data-unfold-text=\"Lire la suite\" data-fold-text=\"Lire moins\" data-fold-icon=\"\" data-unfold-icon=\"\"><span class=\"jet-unfold__button-icon jet-tricks-icon\"><\/span><span class=\"jet-unfold__button-text\">Lire la suite<\/span><\/div>\t\t\t\t<\/div>\n\t\t\t<\/div>\n\t\t<\/div>\n\t\t\t\t<\/div>\n\t\t\t\t<\/div>\n\t\t\t\t<section class=\"elementor-section elementor-inner-section elementor-element elementor-element-999661c elementor-section-boxed elementor-section-height-default elementor-section-height-default\" data-id=\"999661c\" data-element_type=\"section\">\n\t\t\t\t\t\t<div class=\"elementor-container elementor-column-gap-no\">\n\t\t\t\t\t<div class=\"elementor-column elementor-col-50 elementor-inner-column elementor-element elementor-element-41c1750\" data-id=\"41c1750\" data-element_type=\"column\">\n\t\t\t<div class=\"elementor-widget-wrap elementor-element-populated\">\n\t\t\t\t\t\t<div class=\"elementor-element elementor-element-6cbe676 dm-align elementor-align-justify elementor-widget elementor-widget-button\" data-id=\"6cbe676\" data-element_type=\"widget\" data-widget_type=\"button.default\">\n\t\t\t\t<div class=\"elementor-widget-container\">\n\t\t\t\t\t<div class=\"elementor-button-wrapper\">\n\t\t\t<a class=\"elementor-button elementor-button-link elementor-size-lg elementor-animation-float\" href=\"https:\/\/alufactory.es\/wp-content\/uploads\/2024\/04\/ficha-alu-closed-1.pdf\" target=\"_blank\">\n\t\t\t\t\t\t<span class=\"elementor-button-content-wrapper\">\n\t\t\t\t\t\t<span class=\"elementor-button-icon\">\n\t\t\t\t<i aria-hidden=\"true\" class=\"fas fa-file-pdf\"><\/i>\t\t\t<\/span>\n\t\t\t\t\t\t\t\t\t<span class=\"elementor-button-text\">Voir la fiche technique<\/span>\n\t\t\t\t\t<\/span>\n\t\t\t\t\t<\/a>\n\t\t<\/div>\n\t\t\t\t<\/div>\n\t\t\t\t<\/div>\n\t\t\t\t\t<\/div>\n\t\t<\/div>\n\t\t\t\t<div class=\"elementor-column elementor-col-50 elementor-inner-column elementor-element elementor-element-000c385\" data-id=\"000c385\" data-element_type=\"column\">\n\t\t\t<div class=\"elementor-widget-wrap elementor-element-populated\">\n\t\t\t\t\t\t<div class=\"elementor-element elementor-element-9850d7e dm-align elementor-align-justify stax-condition-yes stax-user_role_enabled-yes elementor-widget elementor-widget-button\" data-id=\"9850d7e\" data-element_type=\"widget\" data-widget_type=\"button.default\">\n\t\t\t\t<div class=\"elementor-widget-container\">\n\t\t\t\t\t<div class=\"elementor-button-wrapper\">\n\t\t\t<a class=\"elementor-button elementor-button-link elementor-size-lg elementor-animation-float\" href=\"#elementor-action%3Aaction%3Dpopup%3Aopen%26settings%3DeyJpZCI6NDU4OCwidG9nZ2xlIjpmYWxzZX0%3D\">\n\t\t\t\t\t\t<span class=\"elementor-button-content-wrapper\">\n\t\t\t\t\t\t<span class=\"elementor-button-icon\">\n\t\t\t\t<i aria-hidden=\"true\" class=\"fas fa-eye\"><\/i>\t\t\t<\/span>\n\t\t\t\t\t\t\t\t\t<span class=\"elementor-button-text\">Voir le rapport<\/span>\n\t\t\t\t\t<\/span>\n\t\t\t\t\t<\/a>\n\t\t<\/div>\n\t\t\t\t<\/div>\n\t\t\t\t<\/div>\n\t\t\t\t\t<\/div>\n\t\t<\/div>\n\t\t\t\t\t<\/div>\n\t\t<\/section>\n\t\t\t\t<section class=\"elementor-section elementor-inner-section elementor-element elementor-element-354321e elementor-section-boxed elementor-section-height-default elementor-section-height-default\" data-id=\"354321e\" data-element_type=\"section\">\n\t\t\t\t\t\t<div class=\"elementor-container elementor-column-gap-default\">\n\t\t\t\t\t<div class=\"elementor-column elementor-col-100 elementor-inner-column elementor-element elementor-element-364526b\" data-id=\"364526b\" data-element_type=\"column\">\n\t\t\t<div class=\"elementor-widget-wrap elementor-element-populated\">\n\t\t\t\t\t\t<div class=\"elementor-element elementor-element-b291b16 elementor-align-justify dm-align elementor-widget elementor-widget-button\" data-id=\"b291b16\" data-element_type=\"widget\" data-widget_type=\"button.default\">\n\t\t\t\t<div class=\"elementor-widget-container\">\n\t\t\t\t\t<div class=\"elementor-button-wrapper\">\n\t\t\t<a class=\"elementor-button elementor-button-link elementor-size-lg\" href=\"https:\/\/alufactory.es\/wp-content\/uploads\/2024\/04\/ficha-alu-closed-2.pdf\" target=\"_blank\">\n\t\t\t\t\t\t<span class=\"elementor-button-content-wrapper\">\n\t\t\t\t\t\t<span class=\"elementor-button-icon\">\n\t\t\t\t<i aria-hidden=\"true\" class=\"fas fa-file-invoice\"><\/i>\t\t\t<\/span>\n\t\t\t\t\t\t\t\t\t<span class=\"elementor-button-text\">Voir l\u2019onglet Profils<\/span>\n\t\t\t\t\t<\/span>\n\t\t\t\t\t<\/a>\n\t\t<\/div>\n\t\t\t\t<\/div>\n\t\t\t\t<\/div>\n\t\t\t\t<div class=\"elementor-element elementor-element-c64a148 elementor-align-justify dm-align elementor-widget elementor-widget-button\" data-id=\"c64a148\" data-element_type=\"widget\" data-widget_type=\"button.default\">\n\t\t\t\t<div class=\"elementor-widget-container\">\n\t\t\t\t\t<div class=\"elementor-button-wrapper\">\n\t\t\t<a class=\"elementor-button elementor-button-link elementor-size-lg\" href=\"#elementor-action%3Aaction%3Dpopup%3Aopen%26settings%3DeyJpZCI6NDU5MCwidG9nZ2xlIjpmYWxzZX0%3D\">\n\t\t\t\t\t\t<span class=\"elementor-button-content-wrapper\">\n\t\t\t\t\t\t\t\t\t<span class=\"elementor-button-text\">Demander un devis<\/span>\n\t\t\t\t\t<\/span>\n\t\t\t\t\t<\/a>\n\t\t<\/div>\n\t\t\t\t<\/div>\n\t\t\t\t<\/div>\n\t\t\t\t\t<\/div>\n\t\t<\/div>\n\t\t\t\t\t<\/div>\n\t\t<\/section>\n\t\t\t\t\t<\/div>\n\t\t<\/div>\n\t\t\t\t\t<\/div>\n\t\t<\/section>\n\t\t\t\t<\/div>\n\t\t","protected":false},"excerpt":{"rendered":"<p>Commencement\/&nbsp; Produits\/ Cl\u00f4tures Previous Next CL\u00d4TURES ALU-FERM\u00c9 L\u2019une des applications les plus traditionnelles est l\u2019enceinte fixe, dont la fonction principale est de d\u00e9limiter son propre espace et de pr\u00e9server l\u2019intimit\u00e9. Closed r\u00e9pond \u00e0 ces besoins prioritaires gr\u00e2ce \u00e0 sa vaste gamme de et leurs solutions, ainsi que leur robustesse et leur s\u00e9curit\u00e9 exceptionnelles. De plus, [&hellip;]<\/p>\n","protected":false},"author":2,"featured_media":0,"parent":0,"menu_order":0,"comment_status":"closed","ping_status":"closed","template":"","meta":{"footnotes":""},"class_list":["post-4378","page","type-page","status-publish","hentry"],"yoast_head":"<!-- This site is optimized with the Yoast SEO plugin v23.1 - https:\/\/yoast.com\/wordpress\/plugins\/seo\/ -->\n<title>Cl\u00f4tures - Alufactory<\/title>\n<meta name=\"robots\" content=\"index, follow, max-snippet:-1, max-image-preview:large, max-video-preview:-1\" \/>\n<link rel=\"canonical\" href=\"https:\/\/alufactory.es\/fr\/clotures\/\" \/>\n<meta property=\"og:locale\" content=\"fr_FR\" \/>\n<meta property=\"og:type\" content=\"article\" \/>\n<meta property=\"og:title\" content=\"Cl\u00f4tures - Alufactory\" \/>\n<meta property=\"og:description\" content=\"Commencement\/&nbsp; Produits\/ Cl\u00f4tures Previous Next CL\u00d4TURES ALU-FERM\u00c9 L\u2019une des applications les plus traditionnelles est l\u2019enceinte fixe, dont la fonction principale est de d\u00e9limiter son propre espace et de pr\u00e9server l\u2019intimit\u00e9. Closed r\u00e9pond \u00e0 ces besoins prioritaires gr\u00e2ce \u00e0 sa vaste gamme de et leurs solutions, ainsi que leur robustesse et leur s\u00e9curit\u00e9 exceptionnelles. De plus, [&hellip;]\" \/>\n<meta property=\"og:url\" content=\"https:\/\/alufactory.es\/fr\/clotures\/\" \/>\n<meta property=\"og:site_name\" content=\"Alufactory\" \/>\n<meta property=\"article:modified_time\" content=\"2024-05-09T13:39:08+00:00\" \/>\n<meta property=\"og:image\" content=\"https:\/\/alufactory.es\/wp-content\/uploads\/2024\/04\/img_alu-closed-foto.jpg\" \/>\n<meta name=\"twitter:card\" content=\"summary_large_image\" \/>\n<meta name=\"twitter:label1\" content=\"Est. reading time\" \/>\n\t<meta name=\"twitter:data1\" content=\"1 minute\" \/>\n<script type=\"application\/ld+json\" class=\"yoast-schema-graph\">{\"@context\":\"https:\/\/schema.org\",\"@graph\":[{\"@type\":\"WebPage\",\"@id\":\"https:\/\/alufactory.es\/fr\/clotures\/\",\"url\":\"https:\/\/alufactory.es\/fr\/clotures\/\",\"name\":\"Cl\u00f4tures - Alufactory\",\"isPartOf\":{\"@id\":\"https:\/\/alufactory.es\/#website\"},\"primaryImageOfPage\":{\"@id\":\"https:\/\/alufactory.es\/fr\/clotures\/#primaryimage\"},\"image\":{\"@id\":\"https:\/\/alufactory.es\/fr\/clotures\/#primaryimage\"},\"thumbnailUrl\":\"https:\/\/alufactory.es\/wp-content\/uploads\/2024\/04\/img_alu-closed-foto.jpg\",\"datePublished\":\"2024-04-26T10:54:19+00:00\",\"dateModified\":\"2024-05-09T13:39:08+00:00\",\"breadcrumb\":{\"@id\":\"https:\/\/alufactory.es\/fr\/clotures\/#breadcrumb\"},\"inLanguage\":\"fr-FR\",\"potentialAction\":[{\"@type\":\"ReadAction\",\"target\":[\"https:\/\/alufactory.es\/fr\/clotures\/\"]}]},{\"@type\":\"ImageObject\",\"inLanguage\":\"fr-FR\",\"@id\":\"https:\/\/alufactory.es\/fr\/clotures\/#primaryimage\",\"url\":\"https:\/\/alufactory.es\/wp-content\/uploads\/2024\/04\/img_alu-closed-foto.jpg\",\"contentUrl\":\"https:\/\/alufactory.es\/wp-content\/uploads\/2024\/04\/img_alu-closed-foto.jpg\"},{\"@type\":\"BreadcrumbList\",\"@id\":\"https:\/\/alufactory.es\/fr\/clotures\/#breadcrumb\",\"itemListElement\":[{\"@type\":\"ListItem\",\"position\":1,\"name\":\"Home\",\"item\":\"https:\/\/alufactory.es\/fr\/menuiserie-en-aluminium-mataro-barcelone\/\"},{\"@type\":\"ListItem\",\"position\":2,\"name\":\"Cl\u00f4tures\"}]},{\"@type\":\"WebSite\",\"@id\":\"https:\/\/alufactory.es\/#website\",\"url\":\"https:\/\/alufactory.es\/\",\"name\":\"Alufactory\",\"description\":\"Carpinteria Aluminio Matar\u00f3 Barcelona\",\"potentialAction\":[{\"@type\":\"SearchAction\",\"target\":{\"@type\":\"EntryPoint\",\"urlTemplate\":\"https:\/\/alufactory.es\/?s={search_term_string}\"},\"query-input\":\"required name=search_term_string\"}],\"inLanguage\":\"fr-FR\"}]}<\/script>\n<!-- \/ Yoast SEO plugin. -->","yoast_head_json":{"title":"Cl\u00f4tures - Alufactory","robots":{"index":"index","follow":"follow","max-snippet":"max-snippet:-1","max-image-preview":"max-image-preview:large","max-video-preview":"max-video-preview:-1"},"canonical":"https:\/\/alufactory.es\/fr\/clotures\/","og_locale":"fr_FR","og_type":"article","og_title":"Cl\u00f4tures - Alufactory","og_description":"Commencement\/&nbsp; Produits\/ Cl\u00f4tures Previous Next CL\u00d4TURES ALU-FERM\u00c9 L\u2019une des applications les plus traditionnelles est l\u2019enceinte fixe, dont la fonction principale est de d\u00e9limiter son propre espace et de pr\u00e9server l\u2019intimit\u00e9. Closed r\u00e9pond \u00e0 ces besoins prioritaires gr\u00e2ce \u00e0 sa vaste gamme de et leurs solutions, ainsi que leur robustesse et leur s\u00e9curit\u00e9 exceptionnelles. De plus, [&hellip;]","og_url":"https:\/\/alufactory.es\/fr\/clotures\/","og_site_name":"Alufactory","article_modified_time":"2024-05-09T13:39:08+00:00","og_image":[{"url":"https:\/\/alufactory.es\/wp-content\/uploads\/2024\/04\/img_alu-closed-foto.jpg"}],"twitter_card":"summary_large_image","twitter_misc":{"Est. reading time":"1 minute"},"schema":{"@context":"https:\/\/schema.org","@graph":[{"@type":"WebPage","@id":"https:\/\/alufactory.es\/fr\/clotures\/","url":"https:\/\/alufactory.es\/fr\/clotures\/","name":"Cl\u00f4tures - Alufactory","isPartOf":{"@id":"https:\/\/alufactory.es\/#website"},"primaryImageOfPage":{"@id":"https:\/\/alufactory.es\/fr\/clotures\/#primaryimage"},"image":{"@id":"https:\/\/alufactory.es\/fr\/clotures\/#primaryimage"},"thumbnailUrl":"https:\/\/alufactory.es\/wp-content\/uploads\/2024\/04\/img_alu-closed-foto.jpg","datePublished":"2024-04-26T10:54:19+00:00","dateModified":"2024-05-09T13:39:08+00:00","breadcrumb":{"@id":"https:\/\/alufactory.es\/fr\/clotures\/#breadcrumb"},"inLanguage":"fr-FR","potentialAction":[{"@type":"ReadAction","target":["https:\/\/alufactory.es\/fr\/clotures\/"]}]},{"@type":"ImageObject","inLanguage":"fr-FR","@id":"https:\/\/alufactory.es\/fr\/clotures\/#primaryimage","url":"https:\/\/alufactory.es\/wp-content\/uploads\/2024\/04\/img_alu-closed-foto.jpg","contentUrl":"https:\/\/alufactory.es\/wp-content\/uploads\/2024\/04\/img_alu-closed-foto.jpg"},{"@type":"BreadcrumbList","@id":"https:\/\/alufactory.es\/fr\/clotures\/#breadcrumb","itemListElement":[{"@type":"ListItem","position":1,"name":"Home","item":"https:\/\/alufactory.es\/fr\/menuiserie-en-aluminium-mataro-barcelone\/"},{"@type":"ListItem","position":2,"name":"Cl\u00f4tures"}]},{"@type":"WebSite","@id":"https:\/\/alufactory.es\/#website","url":"https:\/\/alufactory.es\/","name":"Alufactory","description":"Carpinteria Aluminio Matar\u00f3 Barcelona","potentialAction":[{"@type":"SearchAction","target":{"@type":"EntryPoint","urlTemplate":"https:\/\/alufactory.es\/?s={search_term_string}"},"query-input":"required name=search_term_string"}],"inLanguage":"fr-FR"}]}},"_links":{"self":[{"href":"https:\/\/alufactory.es\/fr\/wp-json\/wp\/v2\/pages\/4378"}],"collection":[{"href":"https:\/\/alufactory.es\/fr\/wp-json\/wp\/v2\/pages"}],"about":[{"href":"https:\/\/alufactory.es\/fr\/wp-json\/wp\/v2\/types\/page"}],"author":[{"embeddable":true,"href":"https:\/\/alufactory.es\/fr\/wp-json\/wp\/v2\/users\/2"}],"replies":[{"embeddable":true,"href":"https:\/\/alufactory.es\/fr\/wp-json\/wp\/v2\/comments?post=4378"}],"version-history":[{"count":2,"href":"https:\/\/alufactory.es\/fr\/wp-json\/wp\/v2\/pages\/4378\/revisions"}],"predecessor-version":[{"id":4383,"href":"https:\/\/alufactory.es\/fr\/wp-json\/wp\/v2\/pages\/4378\/revisions\/4383"}],"wp:attachment":[{"href":"https:\/\/alufactory.es\/fr\/wp-json\/wp\/v2\/media?parent=4378"}],"curies":[{"name":"wp","href":"https:\/\/api.w.org\/{rel}","templated":true}]}}