{"id":4664,"date":"2020-01-31T12:50:57","date_gmt":"2020-01-31T12:50:57","guid":{"rendered":"https:\/\/alufactory.es\/politique-de-confidentialite\/"},"modified":"2024-05-10T06:09:05","modified_gmt":"2024-05-10T06:09:05","slug":"politique-de-confidentialite","status":"publish","type":"page","link":"https:\/\/alufactory.es\/fr\/politique-de-confidentialite\/","title":{"rendered":"Politique de confidentialit\u00e9"},"content":{"rendered":"\t\t<div data-elementor-type=\"wp-page\" data-elementor-id=\"4664\" class=\"elementor elementor-4664 elementor-18\" data-elementor-post-type=\"page\">\n\t\t\t\t\t\t<section class=\"elementor-section elementor-top-section elementor-element elementor-element-4b83bca elementor-section-boxed elementor-section-height-default elementor-section-height-default\" data-id=\"4b83bca\" data-element_type=\"section\">\n\t\t\t\t\t\t<div class=\"elementor-container elementor-column-gap-default\">\n\t\t\t\t\t<div class=\"elementor-column elementor-col-100 elementor-top-column elementor-element elementor-element-01ace72\" data-id=\"01ace72\" data-element_type=\"column\">\n\t\t\t<div class=\"elementor-widget-wrap elementor-element-populated\">\n\t\t\t\t\t\t\t<\/div>\n\t\t<\/div>\n\t\t\t\t\t<\/div>\n\t\t<\/section>\n\t\t\t\t<section class=\"elementor-section elementor-top-section elementor-element elementor-element-ae49d53 elementor-section-boxed elementor-section-height-default elementor-section-height-default\" data-id=\"ae49d53\" data-element_type=\"section\">\n\t\t\t\t\t\t<div class=\"elementor-container elementor-column-gap-default\">\n\t\t\t\t\t<div class=\"elementor-column elementor-col-100 elementor-top-column elementor-element elementor-element-39a5f65\" data-id=\"39a5f65\" data-element_type=\"column\">\n\t\t\t<div class=\"elementor-widget-wrap elementor-element-populated\">\n\t\t\t\t\t\t<div class=\"elementor-element elementor-element-a2fc2e6 elementor-widget elementor-widget-text-editor\" data-id=\"a2fc2e6\" data-element_type=\"widget\" data-widget_type=\"text-editor.default\">\n\t\t\t\t<div class=\"elementor-widget-container\">\n\t\t\t\t\t\t\t<h3>RESPONSABLE<\/h3>\n<p><\/p>\n<h4><strong>1. Identit\u00e9<\/strong><\/h4>\n<ul>\n<li>Entreprise : <strong>ALUfactory la fabrica de les Finestres, S.L.<\/strong><\/li>\n<\/ul>\n<p>&nbsp;avec CIF : B65841116<\/p>\n<ul>\n<li>Carte postale : c\/ Riera de Argentona, Nave 2, 08349 &#8211; Cabrera de mar (Barcelone, Espagne)<\/li>\n<\/ul>\n<p>&nbsp;Courriel : info@alufactory.es<\/p>\n<p><\/p>\n<p>Coordonn\u00e9es du d\u00e9l\u00e9gu\u00e9 \u00e0 la protection des donn\u00e9es :<br>Il n\u2019y a pas de d\u00e9l\u00e9gu\u00e9.<\/p>\n<p><\/p>\n<h3>FINS<\/h3>\n<p><\/p>\n<h4><strong>2. Description d\u00e9taill\u00e9e de la ou des finalit\u00e9s du traitement :<\/strong><\/h4>\n<p>Nous traiterons vos donn\u00e9es \u00e0 des fins de gestion administrative, comptable et fiscale ; publicit\u00e9 et prospection commerciale.<\/p>\n<p><\/p>\n<h3>CONSERVATION<\/h3>\n<p><\/p>\n<h4><strong>3. Dur\u00e9es ou crit\u00e8res de conservation des donn\u00e9es :<\/strong><\/h4>\n<p>Les donn\u00e9es personnelles fournies seront conserv\u00e9es tant que la relation avec l\u2019entit\u00e9 sera maintenue et que leur suppression ne sera pas demand\u00e9e par l\u2019int\u00e9ress\u00e9, et seront conserv\u00e9es conform\u00e9ment aux d\u00e9lais l\u00e9gaux \u00e9tablis en mati\u00e8re fiscale et comptable, en prenant la derni\u00e8re communication comme r\u00e9f\u00e9rence.<\/p>\n<p><\/p>\n<h3>D\u00c9CISIONS<\/h3>\n<p><\/p>\n<h4><strong>4. D\u00e9cisions automatis\u00e9es, profilage et logique appliqu\u00e9e :<\/strong><\/h4>\n<p>L\u2019entreprise ne prendra PAS de d\u00e9cisions, de profils ou de logique automatis\u00e9s appliqu\u00e9s \u00e0 vos donn\u00e9es.<\/p>\n<p><\/p>\n<h3>L\u00c9GITIMATION<\/h3>\n<p><\/p>\n<h4><strong>5. L\u00e9gitimation pour l\u2019ex\u00e9cution d\u2019un contrat :<\/strong><\/h4>\n<p>\u00c9tant donn\u00e9 que le traitement est n\u00e9cessaire \u00e0 l\u2019ex\u00e9cution d\u2019un contrat commercial, auquel vous \u00eates partie, il est pr\u00e9cis\u00e9 que le type de contrat en question est le contrat commercial susmentionn\u00e9 ou la relation pr\u00e9contractuelle.<\/p>\n<p><\/p>\n<p>La communication des donn\u00e9es personnelles \u00e9tant une exigence l\u00e9gale ou contractuelle et une condition n\u00e9cessaire \u00e0 la conclusion du contrat susmentionn\u00e9, l\u2019int\u00e9ress\u00e9 est inform\u00e9 qu\u2019il est tenu de fournir les donn\u00e9es personnelles, et \u00e9galement que&nbsp; les cons\u00e9quences de ne pas le faire peuvent entra\u00eener la non-fourniture du service demand\u00e9.<\/p>\n<p><\/p>\n<h3>DESTINATAIRES<\/h3>\n<p><\/p>\n<ol start=\"6\">\n<li>Pendant la p\u00e9riode de dur\u00e9e, <strong>ALUfactory la fabrica de les Finestres, S.L.<\/strong> n\u2019effectuera aucun transfert, sauf obligation l\u00e9gale, ni aucun transfert.<\/li>\n<\/ol>\n<p><\/p>\n<h3>DROITS<\/h3>\n<p><\/p>\n<h4><strong>7. La personne concern\u00e9e peut exercer les droits suivants :<\/strong><\/h4>\n<p><\/p>\n<ul>\n<li>Droit de demander l\u2019acc\u00e8s \u00e0 vos donn\u00e9es personnelles.<\/li>\n<li>Droit de demander la rectification ou l\u2019effacement.<\/li>\n<li>Droit de demander la limitation de votre traitement.<\/li>\n<li>Droit d\u2019opposition au traitement.<\/li>\n<li>Droit \u00e0 la portabilit\u00e9 des donn\u00e9es.<\/li>\n<li>Droit de retirer son consentement.<\/li>\n<\/ul>\n<p>Toute personne a le droit d\u2019obtenir la confirmation que l\u2019Entit\u00e9 traite ou non des donn\u00e9es personnelles la concernant. Les personnes concern\u00e9es ont le droit d\u2019acc\u00e9der \u00e0 leurs donn\u00e9es personnelles, ainsi que de demander la rectification des donn\u00e9es inexactes ou, le cas \u00e9ch\u00e9ant, de demander leur suppression lorsque, entre autres raisons, les donn\u00e9es ne sont plus n\u00e9cessaires aux fins pour lesquelles elles ont \u00e9t\u00e9 collect\u00e9es.<\/p>\n<p><\/p>\n<p>Dans certaines circonstances, les personnes concern\u00e9es peuvent demander la limitation du traitement de leurs donn\u00e9es, auquel cas nous ne les conserverons que pour l\u2019exercice ou la d\u00e9fense de r\u00e9clamations. Dans certaines circonstances et pour des raisons li\u00e9es \u00e0 leur situation particuli\u00e8re, les personnes concern\u00e9es peuvent s\u2019opposer au traitement de leurs donn\u00e9es. Dans ce cas,&nbsp; l\u2019entit\u00e9 cessera de traiter les donn\u00e9es, sauf pour des raisons l\u00e9gitimes imp\u00e9rieuses, ou pour l\u2019exercice ou la d\u00e9fense d\u2019\u00e9ventuelles r\u00e9clamations.<\/p>\n<p><\/p>\n<p>Si vous avez donn\u00e9 votre consentement dans un but sp\u00e9cifique, vous avez le droit de retirer votre consentement \u00e0 tout moment, sans affecter la lic\u00e9it\u00e9 du traitement fond\u00e9 sur le consentement avant son retrait.<\/p>\n<p><\/p>\n<ul>\n<li>Pour ce faire, vous pouvez utiliser les formulaires fournis par l\u2019entreprise, ou envoyer une lettre \u00e0 <strong>ALUfactory la fabrica de les Finestres, S.L.<\/strong>, c\/ Riera de Argentona, Nave 2, 08349 &#8211; Cabrera de mar (Barcelone, Espagne) ou vous pouvez \u00e9galement envoyer un e-mail \u00e0 : info@alufactory.es&nbsp;<\/li>\n<\/ul>\n<p>Dans le cas o\u00f9 vous estimez que vos droits en mati\u00e8re de protection de vos donn\u00e9es personnelles ont \u00e9t\u00e9 viol\u00e9s, en particulier lorsque vous n\u2019avez pas obtenu satisfaction dans l\u2019exercice de vos droits, vous pouvez d\u00e9poser une plainte aupr\u00e8s de l\u2019Autorit\u00e9 de contr\u00f4le de la protection des donn\u00e9es comp\u00e9tente via son site web :&nbsp;<a href=\"http:\/\/www.agpd.es\/\">www.agpd.es<\/a>.<\/p>\n<p><\/p>\n<p>Conform\u00e9ment aux dispositions de l\u2019article 21 de la loi 34\/2002 sur les services de la soci\u00e9t\u00e9 de l\u2019information et du commerce \u00e9lectronique, si vous ne souhaitez pas recevoir d\u2019autres informations sur nos services, vous pouvez vous d\u00e9sabonner \u00e0 l\u2019adresse e-mail suivante de l\u2019entit\u00e9, en indiquant dans l\u2019objet \u00ab&nbsp;Ne pas envoyer d\u2019e-mails&nbsp;\u00bb.<\/p>\n<p><\/p>\n<h3>SOURCE DES DONN\u00c9ES<\/h3>\n<p><\/p>\n<p>Les donn\u00e9es personnelles que nous traitons chez <strong>ALUfactory la f\u00e1brica de les Finestres, S.L<\/strong> proviennent directement de vous :<\/p>\n<p><\/p>\n<p>Les cat\u00e9gories de donn\u00e9es trait\u00e9es sont les suivantes :<\/p>\n<p><\/p>\n<ul>\n<li>Donn\u00e9es d\u2019identification.<\/li>\n<li>Codes d\u2019identification ou cl\u00e9s.<\/li>\n<li>Adresses postales ou \u00e9lectroniques.<\/li>\n<li>Informations commerciales.<\/li>\n<li>Donn\u00e9es \u00e9conomiques.<\/li>\n<\/ul>\n<p>Les donn\u00e9es sp\u00e9cialement prot\u00e9g\u00e9es ne sont pas trait\u00e9es.<\/p>\t\t\t\t\t\t<\/div>\n\t\t\t\t<\/div>\n\t\t\t\t\t<\/div>\n\t\t<\/div>\n\t\t\t\t\t<\/div>\n\t\t<\/section>\n\t\t\t\t<\/div>\n\t\t","protected":false},"excerpt":{"rendered":"<p>RESPONSABLE 1. Identit\u00e9 Entreprise : ALUfactory la fabrica de les Finestres, S.L. &nbsp;avec CIF : B65841116 Carte postale : c\/ Riera de Argentona, Nave 2, 08349 &#8211; Cabrera de mar (Barcelone, Espagne) &nbsp;Courriel : info@alufactory.es Coordonn\u00e9es du d\u00e9l\u00e9gu\u00e9 \u00e0 la protection des donn\u00e9es :Il n\u2019y a pas de d\u00e9l\u00e9gu\u00e9. FINS 2. Description d\u00e9taill\u00e9e de la [&hellip;]<\/p>\n","protected":false},"author":2,"featured_media":0,"parent":0,"menu_order":0,"comment_status":"closed","ping_status":"closed","template":"","meta":{"footnotes":""},"class_list":["post-4664","page","type-page","status-publish","hentry"],"yoast_head":"<!-- This site is optimized with the Yoast SEO plugin v23.1 - https:\/\/yoast.com\/wordpress\/plugins\/seo\/ -->\n<title>Politique de confidentialit\u00e9 - Alufactory<\/title>\n<meta name=\"robots\" content=\"index, follow, max-snippet:-1, max-image-preview:large, max-video-preview:-1\" \/>\n<link rel=\"canonical\" href=\"https:\/\/alufactory.es\/fr\/politique-de-confidentialite\/\" \/>\n<meta property=\"og:locale\" content=\"fr_FR\" \/>\n<meta property=\"og:type\" content=\"article\" \/>\n<meta property=\"og:title\" content=\"Politique de confidentialit\u00e9 - Alufactory\" \/>\n<meta property=\"og:description\" content=\"RESPONSABLE 1. Identit\u00e9 Entreprise : ALUfactory la fabrica de les Finestres, S.L. &nbsp;avec CIF : B65841116 Carte postale : c\/ Riera de Argentona, Nave 2, 08349 &#8211; Cabrera de mar (Barcelone, Espagne) &nbsp;Courriel : info@alufactory.es Coordonn\u00e9es du d\u00e9l\u00e9gu\u00e9 \u00e0 la protection des donn\u00e9es :Il n\u2019y a pas de d\u00e9l\u00e9gu\u00e9. FINS 2. Description d\u00e9taill\u00e9e de la [&hellip;]\" \/>\n<meta property=\"og:url\" content=\"https:\/\/alufactory.es\/fr\/politique-de-confidentialite\/\" \/>\n<meta property=\"og:site_name\" content=\"Alufactory\" \/>\n<meta property=\"article:modified_time\" content=\"2024-05-10T06:09:05+00:00\" \/>\n<meta name=\"twitter:card\" content=\"summary_large_image\" \/>\n<meta name=\"twitter:label1\" content=\"Est. reading time\" \/>\n\t<meta name=\"twitter:data1\" content=\"4 minutes\" \/>\n<script type=\"application\/ld+json\" class=\"yoast-schema-graph\">{\"@context\":\"https:\/\/schema.org\",\"@graph\":[{\"@type\":\"WebPage\",\"@id\":\"https:\/\/alufactory.es\/fr\/politique-de-confidentialite\/\",\"url\":\"https:\/\/alufactory.es\/fr\/politique-de-confidentialite\/\",\"name\":\"Politique de confidentialit\u00e9 - Alufactory\",\"isPartOf\":{\"@id\":\"https:\/\/alufactory.es\/#website\"},\"datePublished\":\"2020-01-31T12:50:57+00:00\",\"dateModified\":\"2024-05-10T06:09:05+00:00\",\"breadcrumb\":{\"@id\":\"https:\/\/alufactory.es\/fr\/politique-de-confidentialite\/#breadcrumb\"},\"inLanguage\":\"fr-FR\",\"potentialAction\":[{\"@type\":\"ReadAction\",\"target\":[\"https:\/\/alufactory.es\/fr\/politique-de-confidentialite\/\"]}]},{\"@type\":\"BreadcrumbList\",\"@id\":\"https:\/\/alufactory.es\/fr\/politique-de-confidentialite\/#breadcrumb\",\"itemListElement\":[{\"@type\":\"ListItem\",\"position\":1,\"name\":\"Home\",\"item\":\"https:\/\/alufactory.es\/fr\/menuiserie-en-aluminium-mataro-barcelone\/\"},{\"@type\":\"ListItem\",\"position\":2,\"name\":\"Politique de confidentialit\u00e9\"}]},{\"@type\":\"WebSite\",\"@id\":\"https:\/\/alufactory.es\/#website\",\"url\":\"https:\/\/alufactory.es\/\",\"name\":\"Alufactory\",\"description\":\"Carpinteria Aluminio Matar\u00f3 Barcelona\",\"potentialAction\":[{\"@type\":\"SearchAction\",\"target\":{\"@type\":\"EntryPoint\",\"urlTemplate\":\"https:\/\/alufactory.es\/?s={search_term_string}\"},\"query-input\":\"required name=search_term_string\"}],\"inLanguage\":\"fr-FR\"}]}<\/script>\n<!-- \/ Yoast SEO plugin. -->","yoast_head_json":{"title":"Politique de confidentialit\u00e9 - Alufactory","robots":{"index":"index","follow":"follow","max-snippet":"max-snippet:-1","max-image-preview":"max-image-preview:large","max-video-preview":"max-video-preview:-1"},"canonical":"https:\/\/alufactory.es\/fr\/politique-de-confidentialite\/","og_locale":"fr_FR","og_type":"article","og_title":"Politique de confidentialit\u00e9 - Alufactory","og_description":"RESPONSABLE 1. Identit\u00e9 Entreprise : ALUfactory la fabrica de les Finestres, S.L. &nbsp;avec CIF : B65841116 Carte postale : c\/ Riera de Argentona, Nave 2, 08349 &#8211; Cabrera de mar (Barcelone, Espagne) &nbsp;Courriel : info@alufactory.es Coordonn\u00e9es du d\u00e9l\u00e9gu\u00e9 \u00e0 la protection des donn\u00e9es :Il n\u2019y a pas de d\u00e9l\u00e9gu\u00e9. FINS 2. Description d\u00e9taill\u00e9e de la [&hellip;]","og_url":"https:\/\/alufactory.es\/fr\/politique-de-confidentialite\/","og_site_name":"Alufactory","article_modified_time":"2024-05-10T06:09:05+00:00","twitter_card":"summary_large_image","twitter_misc":{"Est. reading time":"4 minutes"},"schema":{"@context":"https:\/\/schema.org","@graph":[{"@type":"WebPage","@id":"https:\/\/alufactory.es\/fr\/politique-de-confidentialite\/","url":"https:\/\/alufactory.es\/fr\/politique-de-confidentialite\/","name":"Politique de confidentialit\u00e9 - Alufactory","isPartOf":{"@id":"https:\/\/alufactory.es\/#website"},"datePublished":"2020-01-31T12:50:57+00:00","dateModified":"2024-05-10T06:09:05+00:00","breadcrumb":{"@id":"https:\/\/alufactory.es\/fr\/politique-de-confidentialite\/#breadcrumb"},"inLanguage":"fr-FR","potentialAction":[{"@type":"ReadAction","target":["https:\/\/alufactory.es\/fr\/politique-de-confidentialite\/"]}]},{"@type":"BreadcrumbList","@id":"https:\/\/alufactory.es\/fr\/politique-de-confidentialite\/#breadcrumb","itemListElement":[{"@type":"ListItem","position":1,"name":"Home","item":"https:\/\/alufactory.es\/fr\/menuiserie-en-aluminium-mataro-barcelone\/"},{"@type":"ListItem","position":2,"name":"Politique de confidentialit\u00e9"}]},{"@type":"WebSite","@id":"https:\/\/alufactory.es\/#website","url":"https:\/\/alufactory.es\/","name":"Alufactory","description":"Carpinteria Aluminio Matar\u00f3 Barcelona","potentialAction":[{"@type":"SearchAction","target":{"@type":"EntryPoint","urlTemplate":"https:\/\/alufactory.es\/?s={search_term_string}"},"query-input":"required name=search_term_string"}],"inLanguage":"fr-FR"}]}},"_links":{"self":[{"href":"https:\/\/alufactory.es\/fr\/wp-json\/wp\/v2\/pages\/4664"}],"collection":[{"href":"https:\/\/alufactory.es\/fr\/wp-json\/wp\/v2\/pages"}],"about":[{"href":"https:\/\/alufactory.es\/fr\/wp-json\/wp\/v2\/types\/page"}],"author":[{"embeddable":true,"href":"https:\/\/alufactory.es\/fr\/wp-json\/wp\/v2\/users\/2"}],"replies":[{"embeddable":true,"href":"https:\/\/alufactory.es\/fr\/wp-json\/wp\/v2\/comments?post=4664"}],"version-history":[{"count":4,"href":"https:\/\/alufactory.es\/fr\/wp-json\/wp\/v2\/pages\/4664\/revisions"}],"predecessor-version":[{"id":4671,"href":"https:\/\/alufactory.es\/fr\/wp-json\/wp\/v2\/pages\/4664\/revisions\/4671"}],"wp:attachment":[{"href":"https:\/\/alufactory.es\/fr\/wp-json\/wp\/v2\/media?parent=4664"}],"curies":[{"name":"wp","href":"https:\/\/api.w.org\/{rel}","templated":true}]}}