{"id":4673,"date":"2020-01-31T12:50:51","date_gmt":"2020-01-31T12:50:51","guid":{"rendered":"https:\/\/alufactory.es\/mentions-legales\/"},"modified":"2024-05-10T06:09:05","modified_gmt":"2024-05-10T06:09:05","slug":"mentions-legales","status":"publish","type":"page","link":"https:\/\/alufactory.es\/fr\/mentions-legales\/","title":{"rendered":"Mentions l\u00e9gales"},"content":{"rendered":"\t\t<div data-elementor-type=\"wp-page\" data-elementor-id=\"4673\" class=\"elementor elementor-4673 elementor-17\" data-elementor-post-type=\"page\">\n\t\t\t\t\t\t<section class=\"elementor-section elementor-top-section elementor-element elementor-element-455e278 elementor-section-boxed elementor-section-height-default elementor-section-height-default\" data-id=\"455e278\" data-element_type=\"section\">\n\t\t\t\t\t\t<div class=\"elementor-container elementor-column-gap-default\">\n\t\t\t\t\t<div class=\"elementor-column elementor-col-100 elementor-top-column elementor-element elementor-element-c6ce73e\" data-id=\"c6ce73e\" data-element_type=\"column\">\n\t\t\t<div class=\"elementor-widget-wrap elementor-element-populated\">\n\t\t\t\t\t\t\t<\/div>\n\t\t<\/div>\n\t\t\t\t\t<\/div>\n\t\t<\/section>\n\t\t\t\t<section class=\"elementor-section elementor-top-section elementor-element elementor-element-aa36ae7 elementor-section-boxed elementor-section-height-default elementor-section-height-default\" data-id=\"aa36ae7\" data-element_type=\"section\">\n\t\t\t\t\t\t<div class=\"elementor-container elementor-column-gap-default\">\n\t\t\t\t\t<div class=\"elementor-column elementor-col-100 elementor-top-column elementor-element elementor-element-b8dafe8\" data-id=\"b8dafe8\" data-element_type=\"column\">\n\t\t\t<div class=\"elementor-widget-wrap elementor-element-populated\">\n\t\t\t\t\t\t<div class=\"elementor-element elementor-element-3e55945 elementor-widget elementor-widget-text-editor\" data-id=\"3e55945\" data-element_type=\"widget\" data-widget_type=\"text-editor.default\">\n\t\t\t\t<div class=\"elementor-widget-container\">\n\t\t\t\t\t\t\t<p><strong>Donn\u00e9es d\u2019identification<\/strong><\/p>\n<p><\/p>\n<ol>\n<li>Vous visitez le site Web appartenant www.alufactory.es ALUfactory la fabrica de les Finestres, S.L. dont le si\u00e8ge social est situ\u00e9 c\/ Riera de Argentona, Nave 2, 08349 &#8211; Cabrera de mar (Barcelone, Espagne) avec CIF B65841116, ci-apr\u00e8s LE PROPRI\u00c9TAIRE.<\/li>\n<\/ol>\n<p>Vous pouvez contacter le PROPRI\u00c9TAIRE par l\u2019un des moyens suivants :<\/p>\n<p><\/p>\n<p>T\u00e9l\u00e9phone&nbsp;:&nbsp;<strong>93 756 05 05<\/strong><\/p>\n<p><\/p>\n<p>Courriel de contact :&nbsp;info@alufactory.es&nbsp;<\/p>\n<p><\/p>\n<p><\/p>\n<p><strong>Utilisateurs<\/strong><\/p>\n<p><\/p>\n<ol start=\"2\">\n<li>L\u2019objectif de ces conditions (ci-apr\u00e8s les mentions l\u00e9gales) est de r\u00e9glementer l\u2019utilisation du site web du PROPRI\u00c9TAIRE qu\u2019il met \u00e0 la disposition du public.<\/li>\n<\/ol>\n<p>L\u2019acc\u00e8s et\/ou l\u2019utilisation de ce site web conf\u00e8re le statut d\u2019UTILISATEUR, qui accepte, \u00e0 partir de cet acc\u00e8s et\/ou de cette utilisation, les conditions g\u00e9n\u00e9rales d\u2019utilisation refl\u00e9t\u00e9es dans les pr\u00e9sentes. Les conditions susmentionn\u00e9es s\u2019appliqueront ind\u00e9pendamment des conditions g\u00e9n\u00e9rales du contrat qui peuvent \u00eatre obligatoires.<\/p>\n<p><\/p>\n<p><strong>Utilisation du portail<\/strong><\/p>\n<p><\/p>\n<ol start=\"3\">\n<li>www.alufactory.es donne acc\u00e8s \u00e0 une multitude d\u2019informations, de services, de programmes ou de donn\u00e9es (ci-apr\u00e8s, \u00ab&nbsp;les contenus&nbsp;\u00bb) sur Internet appartenant au PROPRI\u00c9TAIRE ou \u00e0 ses conc\u00e9dants de licence auxquels l\u2019UTILISATEUR peut avoir acc\u00e8s.<\/li>\n<\/ol>\n<p>L\u2019utilisateur assume la responsabilit\u00e9 de l\u2019utilisation du portail. Cette responsabilit\u00e9 s\u2019\u00e9tend \u00e0 l\u2019enregistrement qui peut \u00eatre n\u00e9cessaire pour acc\u00e9der \u00e0 certains services ou contenus. Lors de cet enregistrement, l\u2019UTILISATEUR sera responsable de fournir des informations v\u00e9ridiques et l\u00e9gales. \u00c0 la suite de cet enregistrement, l\u2019UTILISATEUR peut recevoir un mot de passe dont il sera responsable, s\u2019engageant \u00e0 en faire un usage diligent et confidentiel.<\/p>\n<p><\/p>\n<p>L\u2019UTILISATEUR s\u2019engage \u00e0 faire un usage appropri\u00e9 des contenus et services (par exemple, les services de chat, les forums de discussion ou les groupes de discussion) que LE PROPRI\u00c9TAIRE propose via son portail et, y compris, mais sans s\u2019y limiter, \u00e0 ne pas les utiliser pour :<\/p>\n<p><\/p>\n<ul>\n<li>Se livrer \u00e0 des activit\u00e9s illicites, ill\u00e9gales ou contraires \u00e0 la bonne foi et \u00e0 l\u2019ordre public.<\/li>\n<li>Diffuser des contenus ou de la propagande racistes, x\u00e9nophobes, pornographiques-ill\u00e9gaux, soutenant le terrorisme ou en violation des droits de l\u2019homme.<\/li>\n<li>Causer des dommages aux syst\u00e8mes physiques et logiques de ses fournisseurs ou de tiers, introduire ou diffuser des virus informatiques ou tout autre syst\u00e8me physique ou logique susceptible de [Nombre de la empresa]causer les dommages susmentionn\u00e9s.<\/li>\n<li>Tenter d\u2019acc\u00e9der et, le cas \u00e9ch\u00e9ant, d\u2019utiliser les comptes de messagerie d\u2019autres utilisateurs et modifier ou manipuler leurs messages.<\/li>\n<li>Utiliser le site web ou les informations qu\u2019il contient \u00e0 des fins commerciales, politiques, publicitaires ou \u00e0 tout autre usage commercial, notamment lors de l\u2019envoi d\u2019e-mails non sollicit\u00e9s.<\/li>\n<\/ul>\n<p>LE PROPRI\u00c9TAIRE se r\u00e9serve le droit de supprimer tous les commentaires et contributions qui violent le respect de la dignit\u00e9 de la personne, qui sont discriminatoires, x\u00e9nophobes, racistes, pornographiques, qui menacent la jeunesse ou l\u2019enfance, l\u2019ordre public ou la s\u00e9curit\u00e9 ou qui, \u00e0 son avis, ne seront pas adapt\u00e9s \u00e0 la publication. Dans tous les cas, LE PROPRI\u00c9TAIRE ne sera pas responsable des opinions exprim\u00e9es par les utilisateurs via des forums, des chats ou d\u2019autres outils de participation.<\/p>\n<p><\/p>\n<p><strong>Protection des donn\u00e9es<\/strong><\/p>\n<p><\/p>\n<ol start=\"4\">\n<li>Tout ce qui concerne la politique de protection des donn\u00e9es est d\u00e9crit dans le document de politique de confidentialit\u00e9.<\/li>\n<\/ol>\n<p><\/p>\n<p><strong>Contenu. Propri\u00e9t\u00e9 intellectuelle et industrielle<\/strong><\/p>\n<p><\/p>\n<ol start=\"5\">\n<li>LE PROPRI\u00c9TAIRE est propri\u00e9taire de tous les droits de propri\u00e9t\u00e9 intellectuelle et industrielle de son site Web, ainsi que des \u00e9l\u00e9ments qui y sont contenus (y compris : images, photographies, son, audio, vid\u00e9o, logiciels ou textes ; marques ou logos, combinaisons de couleurs, structure et design, s\u00e9lection des mat\u00e9riaux utilis\u00e9s, programmes informatiques n\u00e9cessaires \u00e0 son fonctionnement,  acc\u00e8s et utilisation, etc.), propri\u00e9t\u00e9 du PROPRI\u00c9TAIRE ou de ses conc\u00e9dants de licence.<\/li>\n<\/ol>\n<p>Tous droits r\u00e9serv\u00e9s. En vertu des dispositions des articles 8 et 32.1, deuxi\u00e8me alin\u00e9a, de la loi sur la propri\u00e9t\u00e9 intellectuelle, la reproduction, la distribution et la communication publique, y compris le mode de mise \u00e0 disposition, de tout ou partie du contenu de ce site web, \u00e0 des fins commerciales, sur tout support et par tout moyen technique, sont express\u00e9ment interdites.  sans l\u2019autorisation du PROPRI\u00c9TAIRE.<\/p>\n<p><\/p>\n<p><strong>Exclusion de garanties et de responsabilit\u00e9<\/strong><\/p>\n<p><\/p>\n<ol start=\"6\">\n<li>L\u2019UTILISATEUR reconna\u00eet que l\u2019utilisation du site web et de ses contenus et services est effectu\u00e9e sous sa seule responsabilit\u00e9. Plus pr\u00e9cis\u00e9ment, \u00e0 titre d\u2019exemple, LE PROPRI\u00c9TAIRE n\u2019assume aucune responsabilit\u00e9 dans les domaines suivants :<\/li>\n<\/ol>\n<ol>\n<li>a) La disponibilit\u00e9 du fonctionnement du site web, de ses services et de ses contenus et sa qualit\u00e9 ou son interop\u00e9rabilit\u00e9.<\/li>\n<li>b) La finalit\u00e9 pour laquelle le site web sert les objectifs de l\u2019UTILISATEUR.<\/li>\n<li>c) La violation de la l\u00e9gislation en vigueur par l\u2019UTILISATEUR ou des tiers et, en particulier, des droits de propri\u00e9t\u00e9 intellectuelle et industrielle d\u00e9tenus par d\u2019autres personnes ou entit\u00e9s.<\/li>\n<li>d) L\u2019existence d\u2019un code malveillant ou de tout autre \u00e9l\u00e9ment informatique nuisible qui pourrait causer le syst\u00e8me informatique de l\u2019UTILISATEUR ou de tiers. Il est de la responsabilit\u00e9 de l\u2019UTILISATEUR, dans tous les cas, de disposer d\u2019outils ad\u00e9quats pour la d\u00e9tection et la d\u00e9sinfection de ces \u00e9l\u00e9ments.<\/li>\n<li>e) L\u2019acc\u00e8s frauduleux aux contenus ou aux services par des tiers non autoris\u00e9s, ou, le cas \u00e9ch\u00e9ant, la capture, l\u2019\u00e9limination, l\u2019alt\u00e9ration, la modification ou la manipulation des messages et des communications de toute nature que ces tiers peuvent effectuer.<\/li>\n<li>f) L\u2019exactitude, la v\u00e9racit\u00e9, l\u2019actualit\u00e9 et l\u2019utilit\u00e9 des contenus et services offerts et l\u2019utilisation ult\u00e9rieure qui en est faite par l\u2019UTILISATEUR. LE PROPRI\u00c9TAIRE d\u00e9ploiera tous les efforts et moyens raisonnables pour fournir des informations actualis\u00e9es et fiables.<\/li>\n<li>g) Dommages caus\u00e9s aux \u00e9quipements informatiques lors de l\u2019acc\u00e8s au site Web et dommages caus\u00e9s aux UTILISATEURS lorsqu\u2019ils sont caus\u00e9s par des pannes ou des d\u00e9connexions dans les r\u00e9seaux de t\u00e9l\u00e9communications qui interrompent le service.<\/li>\n<li>h) Dommages r\u00e9sultant de circonstances r\u00e9sultant de circonstances impr\u00e9visibles ou de force majeure.<\/li>\n<\/ol>\n<p>Dans le cas o\u00f9 il existe des forums, l\u2019utilisation du m\u00eame espace ou d\u2019autres espaces similaires, il faut tenir compte du fait que les messages ne refl\u00e8tent que l\u2019opinion de l\u2019UTILISATEUR qui les envoie, qui est seul responsable. LE PROPRI\u00c9TAIRE n\u2019est pas responsable du contenu des messages envoy\u00e9s par l\u2019UTILISATEUR.<\/p>\n<p><\/p>\n<p><strong>Modification des pr\u00e9sentes mentions l\u00e9gales et dur\u00e9e<\/strong><\/p>\n<p><\/p>\n<ol start=\"7\">\n<li>LE PROPRI\u00c9TAIRE se r\u00e9serve le droit d\u2019apporter \u00e0 son portail toutes les modifications qu\u2019il juge appropri\u00e9es sans pr\u00e9avis, et peut modifier, supprimer ou ajouter autant de contenus et de services qu\u2019il fournit, ainsi que la mani\u00e8re dont ils sont repr\u00e9sent\u00e9s ou localis\u00e9s sur son portail.<br>La validit\u00e9 des conditions susmentionn\u00e9es d\u00e9pendra de leur pr\u00e9sentation et sera en vigueur jusqu\u2019\u00e0 ce qu\u2019elles soient modifi\u00e9es par d\u2019autres d\u00fbment publi\u00e9es.<\/li>\n<\/ol>\n<p><\/p>\n<p><strong>Liens<\/strong><\/p>\n<p><\/p>\n<ol start=\"8\">\n<li>Dans le cas o\u00f9 des liens ou des hyperliens vers d\u2019autres sites Internet sont inclus dans www.alufactory.es, LE PROPRI\u00c9TAIRE n\u2019exercera aucun type de contr\u00f4le sur ces sites et contenus. En aucun cas, LE PROPRI\u00c9TAIRE n\u2019assumera aucune responsabilit\u00e9 quant au contenu de tout lien appartenant \u00e0 un site Web tiers, ni ne garantira la disponibilit\u00e9 technique, la qualit\u00e9, la fiabilit\u00e9, l\u2019exactitude, l\u2019\u00e9tendue, la v\u00e9racit\u00e9, la validit\u00e9 et la constitutionnalit\u00e9 de tout \u00e9l\u00e9ment ou information contenu dans l\u2019un desdits hyperliens et autres sites sur Internet. De m\u00eame, l\u2019inclusion de ces connexions externes n\u2019impliquera aucun type d\u2019association, de fusion ou de participation avec les entit\u00e9s connect\u00e9es.<\/li>\n<\/ol>\n<p><\/p>\n<p><strong>Droits de retrait<\/strong><\/p>\n<p><\/p>\n<ol start=\"9\">\n<li>LE PROPRI\u00c9TAIRE se r\u00e9serve le droit de refuser ou de retirer l\u2019acc\u00e8s au portail et\/ou aux services offerts sans pr\u00e9avis, \u00e0 sa propre demande ou \u00e0 la demande d\u2019un tiers, aux utilisateurs qui ne respectent pas le contenu du pr\u00e9sent avis l\u00e9gal.<\/li>\n<\/ol>\n<p><\/p>\n<p><strong>G\u00e9n\u00e9ralit\u00e9s<\/strong><\/p>\n<p><\/p>\n<ol start=\"10\">\n<li>LE PROPRI\u00c9TAIRE poursuivra la violation de ces conditions ainsi que toute utilisation abusive de son portail en exer\u00e7ant toutes les actions civiles et p\u00e9nales qui peuvent lui correspondre en droit.<\/li>\n<\/ol>\n<p><\/p>\n<p><strong>Droit applicable et juridiction<\/strong><\/p>\n<p><\/p>\n<ol start=\"11\">\n<li>La relation entre LE PROPRI\u00c9TAIRE et L\u2019UTILISATEUR sera r\u00e9gie par la r\u00e9glementation espagnole en vigueur. Tous les litiges et r\u00e9clamations d\u00e9coulant du pr\u00e9sent avis juridique seront r\u00e9solus par les cours et tribunaux espagnols.<\/li>\n<\/ol>\n<p><\/p>\n<p><strong>Mineurs<\/strong><\/p>\n<p><\/p>\n<ol start=\"12\">\n<li>www.alufactory.es cible ses services aux utilisateurs de plus de 18 ans. Les mineurs de moins de cet \u00e2ge ne sont pas autoris\u00e9s \u00e0 utiliser nos services et ne doivent pas nous transmettre leurs donn\u00e9es personnelles. Nous vous informons que si une telle circonstance se produit, ALUfactory la f\u00e1brica de les Finestres, S.L. n\u2019est pas responsable des \u00e9ventuelles cons\u00e9quences pouvant d\u00e9couler du non-respect de l\u2019avis \u00e9tabli dans cette m\u00eame clause.<\/li>\n<\/ol>\t\t\t\t\t\t<\/div>\n\t\t\t\t<\/div>\n\t\t\t\t\t<\/div>\n\t\t<\/div>\n\t\t\t\t\t<\/div>\n\t\t<\/section>\n\t\t\t\t<\/div>\n\t\t","protected":false},"excerpt":{"rendered":"<p>Donn\u00e9es d\u2019identification Vous visitez le site Web appartenant www.alufactory.es ALUfactory la fabrica de les Finestres, S.L. dont le si\u00e8ge social est situ\u00e9 c\/ Riera de Argentona, Nave 2, 08349 &#8211; Cabrera de mar (Barcelone, Espagne) avec CIF B65841116, ci-apr\u00e8s LE PROPRI\u00c9TAIRE. Vous pouvez contacter le PROPRI\u00c9TAIRE par l\u2019un des moyens suivants : T\u00e9l\u00e9phone&nbsp;:&nbsp;93 756 05 [&hellip;]<\/p>\n","protected":false},"author":2,"featured_media":0,"parent":0,"menu_order":0,"comment_status":"closed","ping_status":"closed","template":"","meta":{"footnotes":""},"class_list":["post-4673","page","type-page","status-publish","hentry"],"yoast_head":"<!-- This site is optimized with the Yoast SEO plugin v23.1 - https:\/\/yoast.com\/wordpress\/plugins\/seo\/ -->\n<title>Mentions l\u00e9gales - Alufactory<\/title>\n<meta name=\"robots\" content=\"index, follow, max-snippet:-1, max-image-preview:large, max-video-preview:-1\" \/>\n<link rel=\"canonical\" href=\"https:\/\/alufactory.es\/fr\/mentions-legales\/\" \/>\n<meta property=\"og:locale\" content=\"fr_FR\" \/>\n<meta property=\"og:type\" content=\"article\" \/>\n<meta property=\"og:title\" content=\"Mentions l\u00e9gales - Alufactory\" \/>\n<meta property=\"og:description\" content=\"Donn\u00e9es d\u2019identification Vous visitez le site Web appartenant www.alufactory.es ALUfactory la fabrica de les Finestres, S.L. dont le si\u00e8ge social est situ\u00e9 c\/ Riera de Argentona, Nave 2, 08349 &#8211; Cabrera de mar (Barcelone, Espagne) avec CIF B65841116, ci-apr\u00e8s LE PROPRI\u00c9TAIRE. Vous pouvez contacter le PROPRI\u00c9TAIRE par l\u2019un des moyens suivants : T\u00e9l\u00e9phone&nbsp;:&nbsp;93 756 05 [&hellip;]\" \/>\n<meta property=\"og:url\" content=\"https:\/\/alufactory.es\/fr\/mentions-legales\/\" \/>\n<meta property=\"og:site_name\" content=\"Alufactory\" \/>\n<meta property=\"article:modified_time\" content=\"2024-05-10T06:09:05+00:00\" \/>\n<meta name=\"twitter:card\" content=\"summary_large_image\" \/>\n<meta name=\"twitter:label1\" content=\"Est. reading time\" \/>\n\t<meta name=\"twitter:data1\" content=\"8 minutes\" \/>\n<script type=\"application\/ld+json\" class=\"yoast-schema-graph\">{\"@context\":\"https:\/\/schema.org\",\"@graph\":[{\"@type\":\"WebPage\",\"@id\":\"https:\/\/alufactory.es\/fr\/mentions-legales\/\",\"url\":\"https:\/\/alufactory.es\/fr\/mentions-legales\/\",\"name\":\"Mentions l\u00e9gales - Alufactory\",\"isPartOf\":{\"@id\":\"https:\/\/alufactory.es\/#website\"},\"datePublished\":\"2020-01-31T12:50:51+00:00\",\"dateModified\":\"2024-05-10T06:09:05+00:00\",\"breadcrumb\":{\"@id\":\"https:\/\/alufactory.es\/fr\/mentions-legales\/#breadcrumb\"},\"inLanguage\":\"fr-FR\",\"potentialAction\":[{\"@type\":\"ReadAction\",\"target\":[\"https:\/\/alufactory.es\/fr\/mentions-legales\/\"]}]},{\"@type\":\"BreadcrumbList\",\"@id\":\"https:\/\/alufactory.es\/fr\/mentions-legales\/#breadcrumb\",\"itemListElement\":[{\"@type\":\"ListItem\",\"position\":1,\"name\":\"Home\",\"item\":\"https:\/\/alufactory.es\/fr\/menuiserie-en-aluminium-mataro-barcelone\/\"},{\"@type\":\"ListItem\",\"position\":2,\"name\":\"Mentions l\u00e9gales\"}]},{\"@type\":\"WebSite\",\"@id\":\"https:\/\/alufactory.es\/#website\",\"url\":\"https:\/\/alufactory.es\/\",\"name\":\"Alufactory\",\"description\":\"Carpinteria Aluminio Matar\u00f3 Barcelona\",\"potentialAction\":[{\"@type\":\"SearchAction\",\"target\":{\"@type\":\"EntryPoint\",\"urlTemplate\":\"https:\/\/alufactory.es\/?s={search_term_string}\"},\"query-input\":\"required name=search_term_string\"}],\"inLanguage\":\"fr-FR\"}]}<\/script>\n<!-- \/ Yoast SEO plugin. -->","yoast_head_json":{"title":"Mentions l\u00e9gales - Alufactory","robots":{"index":"index","follow":"follow","max-snippet":"max-snippet:-1","max-image-preview":"max-image-preview:large","max-video-preview":"max-video-preview:-1"},"canonical":"https:\/\/alufactory.es\/fr\/mentions-legales\/","og_locale":"fr_FR","og_type":"article","og_title":"Mentions l\u00e9gales - Alufactory","og_description":"Donn\u00e9es d\u2019identification Vous visitez le site Web appartenant www.alufactory.es ALUfactory la fabrica de les Finestres, S.L. dont le si\u00e8ge social est situ\u00e9 c\/ Riera de Argentona, Nave 2, 08349 &#8211; Cabrera de mar (Barcelone, Espagne) avec CIF B65841116, ci-apr\u00e8s LE PROPRI\u00c9TAIRE. Vous pouvez contacter le PROPRI\u00c9TAIRE par l\u2019un des moyens suivants : T\u00e9l\u00e9phone&nbsp;:&nbsp;93 756 05 [&hellip;]","og_url":"https:\/\/alufactory.es\/fr\/mentions-legales\/","og_site_name":"Alufactory","article_modified_time":"2024-05-10T06:09:05+00:00","twitter_card":"summary_large_image","twitter_misc":{"Est. reading time":"8 minutes"},"schema":{"@context":"https:\/\/schema.org","@graph":[{"@type":"WebPage","@id":"https:\/\/alufactory.es\/fr\/mentions-legales\/","url":"https:\/\/alufactory.es\/fr\/mentions-legales\/","name":"Mentions l\u00e9gales - Alufactory","isPartOf":{"@id":"https:\/\/alufactory.es\/#website"},"datePublished":"2020-01-31T12:50:51+00:00","dateModified":"2024-05-10T06:09:05+00:00","breadcrumb":{"@id":"https:\/\/alufactory.es\/fr\/mentions-legales\/#breadcrumb"},"inLanguage":"fr-FR","potentialAction":[{"@type":"ReadAction","target":["https:\/\/alufactory.es\/fr\/mentions-legales\/"]}]},{"@type":"BreadcrumbList","@id":"https:\/\/alufactory.es\/fr\/mentions-legales\/#breadcrumb","itemListElement":[{"@type":"ListItem","position":1,"name":"Home","item":"https:\/\/alufactory.es\/fr\/menuiserie-en-aluminium-mataro-barcelone\/"},{"@type":"ListItem","position":2,"name":"Mentions l\u00e9gales"}]},{"@type":"WebSite","@id":"https:\/\/alufactory.es\/#website","url":"https:\/\/alufactory.es\/","name":"Alufactory","description":"Carpinteria Aluminio Matar\u00f3 Barcelona","potentialAction":[{"@type":"SearchAction","target":{"@type":"EntryPoint","urlTemplate":"https:\/\/alufactory.es\/?s={search_term_string}"},"query-input":"required name=search_term_string"}],"inLanguage":"fr-FR"}]}},"_links":{"self":[{"href":"https:\/\/alufactory.es\/fr\/wp-json\/wp\/v2\/pages\/4673"}],"collection":[{"href":"https:\/\/alufactory.es\/fr\/wp-json\/wp\/v2\/pages"}],"about":[{"href":"https:\/\/alufactory.es\/fr\/wp-json\/wp\/v2\/types\/page"}],"author":[{"embeddable":true,"href":"https:\/\/alufactory.es\/fr\/wp-json\/wp\/v2\/users\/2"}],"replies":[{"embeddable":true,"href":"https:\/\/alufactory.es\/fr\/wp-json\/wp\/v2\/comments?post=4673"}],"version-history":[{"count":2,"href":"https:\/\/alufactory.es\/fr\/wp-json\/wp\/v2\/pages\/4673\/revisions"}],"predecessor-version":[{"id":4676,"href":"https:\/\/alufactory.es\/fr\/wp-json\/wp\/v2\/pages\/4673\/revisions\/4676"}],"wp:attachment":[{"href":"https:\/\/alufactory.es\/fr\/wp-json\/wp\/v2\/media?parent=4673"}],"curies":[{"name":"wp","href":"https:\/\/api.w.org\/{rel}","templated":true}]}}